{"id":920,"date":"2016-11-29T10:16:17","date_gmt":"2016-11-29T09:16:17","guid":{"rendered":"http:\/\/www.premiumfruit.it\/?page_id=920"},"modified":"2025-02-28T12:29:55","modified_gmt":"2025-02-28T11:29:55","slug":"curcuma-e-zenzero-in-ananas","status":"publish","type":"page","link":"https:\/\/www.premiumfruit.it\/it\/curcuma-e-zenzero-in-ananas\/","title":{"rendered":"Curcuma &#038; Zenzero in Ananas"},"content":{"rendered":"<h2>Curcuma &amp; Zenzero in Ananas<\/h2>\n<p><center><img loading=\"lazy\" decoding=\"async\" class=\"size-full wp-image-927 aligncenter\" src=\"https:\/\/www.premiumfruit.it\/wp-content\/uploads\/2025\/02\/succo-curcuma-e-zenzero-Premium-fruit.png\" alt=\"curcuma e zenzero in ananas\" width=\"600\" height=\"416\" \/><\/center><\/p>\n<p style=\"text-align: justify;\"><strong>Curcuma &amp; Zenzero in Ananas<\/strong>: Curcuma e zenzero sono due spezie prodigiose delle cui propriet\u00e0 benefiche, conosciute sin dall&#8217;antichit\u00e0 e consigliate per svariate problematiche, si parla diffusamente in internet, tv e riviste.<\/p>\n<p style=\"text-align: justify;\">Per offrirvele in una forma comoda e gustosa abbiamo creato un succo assolutamente unico, ottenuto dalla spremitura di curcuma e zenzero, e non da estrazione o essiccazione come nei prodotti generalmente in commercio, per offrirvi un <strong>prodotto altamente assimilabile<\/strong> e dal gusto tipico e fresco.<\/p>\n<p style=\"text-align: justify;\">Per massimizzare l&#8217;assorbimento della curcuma nel nostro organismo \u00e8 stata aggiunta una piccola quantit\u00e0 di pepe nero, noto per questa propriet\u00e0.<\/p>\n<p style=\"text-align: justify;\">La ricetta ha come base dell&#8217;<strong>ottimo succo di ananas<\/strong>, della migliore variet\u00e0 e spremuto mantenendo profumi e sapore del frutto raccolto maturo: cos\u00ec potete trovare racchiusa in una bottiglietta la dose giornaliera di curcuma e zenzero, da gustare piacevolmente grazie alla base di ananas, un connubio di sapori esotici originale e autentico, un mix studiato per il tuo benessere!<\/p>\n<p style=\"text-align: justify;\"><span style=\"text-decoration: underline;\">Ingredienti<\/span>: 94% succo di ananas (non da concentrato), 3% succo di curcuma (non da concentrato), 3% succo di zenzero (non da concentrato), pepe nero frutto estratto secco D\/E 4:1<\/p>\n<p><a class=\"button medium green-background\" href=\"https:\/\/premiumfruit.shop\/prodotti\/4-curcuma-e-zenzero-in-ananas.html\" target=\"_blank\" rel=\"noopener noreferrer\"><i class=\"general foundicon-cart\"><\/i>ACQUISTA ONLINE<\/a><br \/>\n<a href=\"https:\/\/www.premiumfruit.it\/wp-content\/uploads\/2025\/02\/succo-curcuma-e-zenzero.png\"><img loading=\"lazy\" decoding=\"async\" class=\"alignleft wp-image-924 size-medium\" title=\"curcuma e zenzero in ananas\" src=\"https:\/\/www.premiumfruit.it\/wp-content\/uploads\/2025\/02\/succo-curcuma-e-zenzero.png\" alt=\"curcuma e zenzero in ananas\" width=\"300\" height=\"225\" \/><\/a><\/p>\n","protected":false},"excerpt":{"rendered":"<p>Curcuma &amp; Zenzero in Ananas Curcuma &amp; Zenzero in Ananas: Curcuma e zenzero sono due spezie prodigiose delle cui propriet\u00e0 benefiche, conosciute sin dall&#8217;antichit\u00e0 e consigliate per svariate problematiche, si parla diffusamente in internet, tv e riviste. Per offrirvele in una forma comoda e gustosa abbiamo creato un succo assolutamente unico, ottenuto dalla spremitura di [&hellip;]<\/p>\n","protected":false},"author":1,"featured_media":0,"parent":0,"menu_order":0,"comment_status":"closed","ping_status":"closed","template":"","meta":{"footnotes":""},"class_list":["post-920","page","type-page","status-publish","hentry"],"yoast_head":"<!-- This site is optimized with the Yoast SEO plugin v24.5 - https:\/\/yoast.com\/wordpress\/plugins\/seo\/ -->\n<title>Curcuma &amp; Zenzero in Ananas &#8226; Premium Fruit<\/title>\n<meta name=\"robots\" content=\"index, follow, max-snippet:-1, max-image-preview:large, max-video-preview:-1\" \/>\n<link rel=\"canonical\" href=\"https:\/\/www.premiumfruit.it\/curcuma-e-zenzero-in-ananas\/\" \/>\n<meta property=\"og:locale\" content=\"it_IT\" \/>\n<meta property=\"og:type\" content=\"article\" \/>\n<meta property=\"og:title\" content=\"Curcuma &amp; Zenzero in Ananas &#8226; Premium Fruit\" \/>\n<meta property=\"og:description\" content=\"Curcuma &amp; Zenzero in Ananas Curcuma &amp; Zenzero in Ananas: Curcuma e zenzero sono due spezie prodigiose delle cui propriet\u00e0 benefiche, conosciute sin dall&#8217;antichit\u00e0 e consigliate per svariate problematiche, si parla diffusamente in internet, tv e riviste. Per offrirvele in una forma comoda e gustosa abbiamo creato un succo assolutamente unico, ottenuto dalla spremitura di [&hellip;]\" \/>\n<meta property=\"og:url\" content=\"https:\/\/www.premiumfruit.it\/curcuma-e-zenzero-in-ananas\/\" \/>\n<meta property=\"og:site_name\" content=\"Premium Fruit\" \/>\n<meta property=\"article:publisher\" content=\"https:\/\/www.facebook.com\/premiumfruit\" \/>\n<meta property=\"article:modified_time\" content=\"2025-02-28T11:29:55+00:00\" \/>\n<meta property=\"og:image\" content=\"https:\/\/www.premiumfruit.it\/wp-content\/uploads\/2016\/11\/curzen.jpg\" \/>\n\t<meta property=\"og:image:width\" content=\"600\" \/>\n\t<meta property=\"og:image:height\" content=\"416\" \/>\n\t<meta property=\"og:image:type\" content=\"image\/jpeg\" \/>\n<meta name=\"twitter:label1\" content=\"Tempo di lettura stimato\" \/>\n\t<meta name=\"twitter:data1\" content=\"2 minuti\" \/>\n<script type=\"application\/ld+json\" class=\"yoast-schema-graph\">{\"@context\":\"https:\/\/schema.org\",\"@graph\":[{\"@type\":\"WebPage\",\"@id\":\"https:\/\/www.premiumfruit.it\/curcuma-e-zenzero-in-ananas\/\",\"url\":\"https:\/\/www.premiumfruit.it\/curcuma-e-zenzero-in-ananas\/\",\"name\":\"Curcuma & Zenzero in Ananas &#8226; Premium Fruit\",\"isPartOf\":{\"@id\":\"https:\/\/www.premiumfruit.it\/it\/#website\"},\"primaryImageOfPage\":{\"@id\":\"https:\/\/www.premiumfruit.it\/curcuma-e-zenzero-in-ananas\/#primaryimage\"},\"image\":{\"@id\":\"https:\/\/www.premiumfruit.it\/curcuma-e-zenzero-in-ananas\/#primaryimage\"},\"thumbnailUrl\":\"https:\/\/www.premiumfruit.it\/wp-content\/uploads\/2025\/02\/succo-curcuma-e-zenzero-Premium-fruit.png\",\"datePublished\":\"2016-11-29T09:16:17+00:00\",\"dateModified\":\"2025-02-28T11:29:55+00:00\",\"breadcrumb\":{\"@id\":\"https:\/\/www.premiumfruit.it\/curcuma-e-zenzero-in-ananas\/#breadcrumb\"},\"inLanguage\":\"it-IT\",\"potentialAction\":[{\"@type\":\"ReadAction\",\"target\":[\"https:\/\/www.premiumfruit.it\/curcuma-e-zenzero-in-ananas\/\"]}]},{\"@type\":\"ImageObject\",\"inLanguage\":\"it-IT\",\"@id\":\"https:\/\/www.premiumfruit.it\/curcuma-e-zenzero-in-ananas\/#primaryimage\",\"url\":\"https:\/\/www.premiumfruit.it\/wp-content\/uploads\/2025\/02\/succo-curcuma-e-zenzero-Premium-fruit.png\",\"contentUrl\":\"https:\/\/www.premiumfruit.it\/wp-content\/uploads\/2025\/02\/succo-curcuma-e-zenzero-Premium-fruit.png\"},{\"@type\":\"BreadcrumbList\",\"@id\":\"https:\/\/www.premiumfruit.it\/curcuma-e-zenzero-in-ananas\/#breadcrumb\",\"itemListElement\":[{\"@type\":\"ListItem\",\"position\":1,\"name\":\"Home\",\"item\":\"https:\/\/www.premiumfruit.it\/\"},{\"@type\":\"ListItem\",\"position\":2,\"name\":\"Curcuma &#038; Zenzero in Ananas\"}]},{\"@type\":\"WebSite\",\"@id\":\"https:\/\/www.premiumfruit.it\/it\/#website\",\"url\":\"https:\/\/www.premiumfruit.it\/it\/\",\"name\":\"Premium Fruit\",\"description\":\"\",\"potentialAction\":[{\"@type\":\"SearchAction\",\"target\":{\"@type\":\"EntryPoint\",\"urlTemplate\":\"https:\/\/www.premiumfruit.it\/it\/?s={search_term_string}\"},\"query-input\":{\"@type\":\"PropertyValueSpecification\",\"valueRequired\":true,\"valueName\":\"search_term_string\"}}],\"inLanguage\":\"it-IT\"}]}<\/script>\n<!-- \/ Yoast SEO plugin. -->","yoast_head_json":{"title":"Curcuma & Zenzero in Ananas &#8226; Premium Fruit","robots":{"index":"index","follow":"follow","max-snippet":"max-snippet:-1","max-image-preview":"max-image-preview:large","max-video-preview":"max-video-preview:-1"},"canonical":"https:\/\/www.premiumfruit.it\/curcuma-e-zenzero-in-ananas\/","og_locale":"it_IT","og_type":"article","og_title":"Curcuma & Zenzero in Ananas &#8226; Premium Fruit","og_description":"Curcuma &amp; Zenzero in Ananas Curcuma &amp; Zenzero in Ananas: Curcuma e zenzero sono due spezie prodigiose delle cui propriet\u00e0 benefiche, conosciute sin dall&#8217;antichit\u00e0 e consigliate per svariate problematiche, si parla diffusamente in internet, tv e riviste. Per offrirvele in una forma comoda e gustosa abbiamo creato un succo assolutamente unico, ottenuto dalla spremitura di [&hellip;]","og_url":"https:\/\/www.premiumfruit.it\/curcuma-e-zenzero-in-ananas\/","og_site_name":"Premium Fruit","article_publisher":"https:\/\/www.facebook.com\/premiumfruit","article_modified_time":"2025-02-28T11:29:55+00:00","og_image":[{"width":600,"height":416,"url":"https:\/\/www.premiumfruit.it\/wp-content\/uploads\/2016\/11\/curzen.jpg","type":"image\/jpeg"}],"twitter_misc":{"Tempo di lettura stimato":"2 minuti"},"schema":{"@context":"https:\/\/schema.org","@graph":[{"@type":"WebPage","@id":"https:\/\/www.premiumfruit.it\/curcuma-e-zenzero-in-ananas\/","url":"https:\/\/www.premiumfruit.it\/curcuma-e-zenzero-in-ananas\/","name":"Curcuma & Zenzero in Ananas &#8226; Premium Fruit","isPartOf":{"@id":"https:\/\/www.premiumfruit.it\/it\/#website"},"primaryImageOfPage":{"@id":"https:\/\/www.premiumfruit.it\/curcuma-e-zenzero-in-ananas\/#primaryimage"},"image":{"@id":"https:\/\/www.premiumfruit.it\/curcuma-e-zenzero-in-ananas\/#primaryimage"},"thumbnailUrl":"https:\/\/www.premiumfruit.it\/wp-content\/uploads\/2025\/02\/succo-curcuma-e-zenzero-Premium-fruit.png","datePublished":"2016-11-29T09:16:17+00:00","dateModified":"2025-02-28T11:29:55+00:00","breadcrumb":{"@id":"https:\/\/www.premiumfruit.it\/curcuma-e-zenzero-in-ananas\/#breadcrumb"},"inLanguage":"it-IT","potentialAction":[{"@type":"ReadAction","target":["https:\/\/www.premiumfruit.it\/curcuma-e-zenzero-in-ananas\/"]}]},{"@type":"ImageObject","inLanguage":"it-IT","@id":"https:\/\/www.premiumfruit.it\/curcuma-e-zenzero-in-ananas\/#primaryimage","url":"https:\/\/www.premiumfruit.it\/wp-content\/uploads\/2025\/02\/succo-curcuma-e-zenzero-Premium-fruit.png","contentUrl":"https:\/\/www.premiumfruit.it\/wp-content\/uploads\/2025\/02\/succo-curcuma-e-zenzero-Premium-fruit.png"},{"@type":"BreadcrumbList","@id":"https:\/\/www.premiumfruit.it\/curcuma-e-zenzero-in-ananas\/#breadcrumb","itemListElement":[{"@type":"ListItem","position":1,"name":"Home","item":"https:\/\/www.premiumfruit.it\/"},{"@type":"ListItem","position":2,"name":"Curcuma &#038; Zenzero in Ananas"}]},{"@type":"WebSite","@id":"https:\/\/www.premiumfruit.it\/it\/#website","url":"https:\/\/www.premiumfruit.it\/it\/","name":"Premium Fruit","description":"","potentialAction":[{"@type":"SearchAction","target":{"@type":"EntryPoint","urlTemplate":"https:\/\/www.premiumfruit.it\/it\/?s={search_term_string}"},"query-input":{"@type":"PropertyValueSpecification","valueRequired":true,"valueName":"search_term_string"}}],"inLanguage":"it-IT"}]}},"_links":{"self":[{"href":"https:\/\/www.premiumfruit.it\/it\/wp-json\/wp\/v2\/pages\/920","targetHints":{"allow":["GET"]}}],"collection":[{"href":"https:\/\/www.premiumfruit.it\/it\/wp-json\/wp\/v2\/pages"}],"about":[{"href":"https:\/\/www.premiumfruit.it\/it\/wp-json\/wp\/v2\/types\/page"}],"author":[{"embeddable":true,"href":"https:\/\/www.premiumfruit.it\/it\/wp-json\/wp\/v2\/users\/1"}],"replies":[{"embeddable":true,"href":"https:\/\/www.premiumfruit.it\/it\/wp-json\/wp\/v2\/comments?post=920"}],"version-history":[{"count":8,"href":"https:\/\/www.premiumfruit.it\/it\/wp-json\/wp\/v2\/pages\/920\/revisions"}],"predecessor-version":[{"id":2172,"href":"https:\/\/www.premiumfruit.it\/it\/wp-json\/wp\/v2\/pages\/920\/revisions\/2172"}],"wp:attachment":[{"href":"https:\/\/www.premiumfruit.it\/it\/wp-json\/wp\/v2\/media?parent=920"}],"curies":[{"name":"wp","href":"https:\/\/api.w.org\/{rel}","templated":true}]}}