{"id":87,"date":"2014-10-23T15:20:16","date_gmt":"2014-10-23T13:20:16","guid":{"rendered":"http:\/\/www.premiumfruit.it\/?page_id=87"},"modified":"2025-02-27T13:25:33","modified_gmt":"2025-02-27T12:25:33","slug":"faq","status":"publish","type":"page","link":"https:\/\/www.premiumfruit.it\/it\/faq\/","title":{"rendered":"Faq"},"content":{"rendered":"<h2 class=\"otw-twelve otw-columns\"><img loading=\"lazy\" decoding=\"async\" class=\"alignleft size-full wp-image-2092\" src=\"https:\/\/www.premiumfruit.it\/wp-content\/uploads\/2025\/02\/faq.jpg\" alt=\"\" width=\"661\" height=\"663\" srcset=\"https:\/\/www.premiumfruit.it\/wp-content\/uploads\/2025\/02\/faq.jpg 661w, https:\/\/www.premiumfruit.it\/wp-content\/uploads\/2025\/02\/faq-300x300.jpg 300w, https:\/\/www.premiumfruit.it\/wp-content\/uploads\/2025\/02\/faq-150x150.jpg 150w\" sizes=\"auto, (max-width: 661px) 100vw, 661px\" \/><\/h2>\n<div class=\"otw-twelve otw-columns\">\n<div class=\"otw-sc-faq\" style=\"text-align: justify;\">\n<h2 class=\"widget-title\" style=\"text-align: justify;\">FAQ<\/h2>\n<dl>\n<dt>Qual&#8217;\u00e8 la filosofia di Premium Fruit?<\/dt>\n<dd>La nostra filosofia \u00e8 di offrire succhi di frutta Premium, a ns giudizio fortemente innovativi per le seguenti caratteristiche:<\/p>\n<ul>\n<li style=\"text-align: justify;\">QUALITA&#8217; E NATURALITA&#8217;: succhi 100% e non da concentrato, naturali e senza additivi<\/li>\n<li style=\"text-align: justify;\">TIPOLOGIA e GUSTO: utilizzando tipologie di frutta innovative, praticamente nuove per il mercato italiano, con un sapore tipico del frutto di partenza e piacevolissimo grazie all&#8217;utilizzo di succhi non da concentrato; i rispettivi frutti esotici freschi di cui offriamo il succo, riscontrano da anni una presenza crescente tra l&#8217;ortofrutta, ma sono tuttavia svantaggiati dalla stagionalit\u00e0 e dalla difficolt\u00e0 di consumo (per loro caratterisitche morfologiche, un esempio su tutti: la melagrana!)<\/li>\n<li style=\"text-align: justify;\">EFFETTI SALUTISTICI: anche notevoli, ampiamente e sempre maggiormente divulgati e rispondenti alla crescente attenzione dei consumatori. Specialmente la melagrana ha per queste motivazioni grande successo in USA da pi\u00f9 di un decennio.<\/li>\n<\/ul>\n<\/dd>\n<dt>Che cosa vuol dire succo non da concentrato?<\/dt>\n<dd>Un succo non concentrato, dopo la spremitura dei frutti, viene imbottigliato o posto in appositi fusti senza essere concentrato. La concentrazione (cio\u00e8 l&#8217;allontamento di buona parte dell&#8217;acqua dal succo per evaporazione) \u00e8 una pratica molto diffusa tra i succhi di frutta perch\u00e8 permette di ridurre notevolmente lo spazio occupato dal succo nei magazzini di conservazione (spesso refrigerati, quindi locali in cui lo spazio va sfruttato al meglio) e durante il trasporto. Tuttavia durante la concentrazione, oltre all&#8217;acqua, evaporano molti composti volatili che sono i principali responsabili degli aromi e dei profumi di un succo di frutta.Per questo motivo un succo non concentrato mantiene al meglio tutte le propriet\u00e0 e il gusto della frutta perfettamente matura appena raccolta.<\/dd>\n<dt>Perch\u00e8 consumare i succhi di Premum Fruit?<\/dt>\n<dd>Perch\u00e9 i succhi di Premium Fruit sono amici della tua salute, prodotti con frutta di prima qualit\u00e0. Ti permettono di gustare in tutti i momenti comodamente preziose dosi quotidiane di vitamine e antiossidanti, all&#8217;interno del consumo consigliato di 5 porzioni al giorno di frutta e verdura. &#8220;Siamo quello che mangiamo&#8221; e come noto e dimostrato da innumerevoli studi scientifici, vitamine e antiossidanti sono utilissimi nell&#8217;aiutare a combattere l&#8217;invecchiamento cellulare a opera dei radicali liberi e a mantenerci giovani e protetti da stress quotidiano, inquinamento, affaticamento e alcune patologie. Le tipologie di frutti da noi selezionati hanno interessanti caratteristiche nutrizionali, sono gustosissimi e sono assolute novit\u00e0, per stuzzicare la tua curiosit\u00e0 e permetterti di consumare un&#8217;ampia variet\u00e0 di prodotti. I nostri succhi non sono drinks con basse percentuali di frutta, o mix in cui il frutto che compare in fotografia in primo piano nell&#8217;etichetta \u00e8 diluito con succhi di minor pregio: vi diamo il succo 100%! Cos\u00ec avrai il massimo dei benefici effetti del frutto di partenza, considernado anche che con rese di spremitura del 30-50% quando bevi il succo \u00e8 come se consumassi il doppio o il triplo del peso di frutto di partenza!<\/dd>\n<dt>Perch\u00e9 pensiamo di essere &#8220;speciali&#8221;?<\/dt>\n<dd>Perch\u00e9 nei nostri succhi non ci sono miscele di succhi pregiati &#8220;tagliati&#8221; con succhi di minor valore, nei nostri prodotti c&#8217;\u00e8 un solo tipo di frutta, perch\u00e8 berli dev&#8217;essere come mangiare il frutto, comodamente e ovunque ti trovi.Perch\u00e9 attualmente i succhi 100% sono nella maggior parte dei casi da succo concentrato e di una ristretta variet\u00e0: arancia, ananas, mela, pompelmo e qualche mix in cui il frutto che compare in fotografia in primo piano nell&#8217;etichetta \u00e8 diluito con succhi di minor pregio.Perch\u00e9 i nostri prodotti sono &#8220;ricchi di contenuti&#8221; e se confronti il prezzo per litro di vero succo con juice drink (in cui al 10-20% di succo \u00e8 aggiunta acqua, zucchero e spesso altri additivi) puoi notare che i nostri prodotti sono pi\u00f9 convenienti: bevendone la stessa quantit\u00e0 assimili pi\u00f9 frutta!<\/dd>\n<dt>Perch\u00e9 consumare succo di melagrana?<\/dt>\n<dd>Il succo di melagrana \u00e8 buono e rinfrescante. Inoltre la melagrana possiede propriet\u00e0 salutistiche di grande interesse, come dimostrato da recenti ricerche condotte in diverse parti del Mondo. Per maggiori informazioni si pu\u00f2 cercare in Google immettendo le giuste parole chiave come &#8220;melagrana salute&#8221; o altre simili, oppure fare una ricerca in inglese su PubMed (o siti simili) per trovare letteratura scientifica.<\/dd>\n<\/dl>\n<\/div>\n<\/div>\n","protected":false},"excerpt":{"rendered":"<p>FAQ Qual&#8217;\u00e8 la filosofia di Premium Fruit? La nostra filosofia \u00e8 di offrire succhi di frutta Premium, a ns giudizio fortemente innovativi per le seguenti caratteristiche: QUALITA&#8217; E NATURALITA&#8217;: succhi 100% e non da concentrato, naturali e senza additivi TIPOLOGIA e GUSTO: utilizzando tipologie di frutta innovative, praticamente nuove per il mercato italiano, con un [&hellip;]<\/p>\n","protected":false},"author":1,"featured_media":0,"parent":0,"menu_order":0,"comment_status":"closed","ping_status":"closed","template":"template-full-width.php","meta":{"footnotes":""},"class_list":["post-87","page","type-page","status-publish","hentry"],"yoast_head":"<!-- This site is optimized with the Yoast SEO plugin v24.5 - https:\/\/yoast.com\/wordpress\/plugins\/seo\/ -->\n<title>Faq &#8226; Premium Fruit<\/title>\n<meta name=\"robots\" content=\"index, follow, max-snippet:-1, max-image-preview:large, max-video-preview:-1\" \/>\n<link rel=\"canonical\" href=\"https:\/\/www.premiumfruit.it\/faq\/\" \/>\n<meta property=\"og:locale\" content=\"it_IT\" \/>\n<meta property=\"og:type\" content=\"article\" \/>\n<meta property=\"og:title\" content=\"Faq &#8226; Premium Fruit\" \/>\n<meta property=\"og:description\" content=\"FAQ Qual&#8217;\u00e8 la filosofia di Premium Fruit? La nostra filosofia \u00e8 di offrire succhi di frutta Premium, a ns giudizio fortemente innovativi per le seguenti caratteristiche: QUALITA&#8217; E NATURALITA&#8217;: succhi 100% e non da concentrato, naturali e senza additivi TIPOLOGIA e GUSTO: utilizzando tipologie di frutta innovative, praticamente nuove per il mercato italiano, con un [&hellip;]\" \/>\n<meta property=\"og:url\" content=\"https:\/\/www.premiumfruit.it\/faq\/\" \/>\n<meta property=\"og:site_name\" content=\"Premium Fruit\" \/>\n<meta property=\"article:publisher\" content=\"https:\/\/www.facebook.com\/premiumfruit\" \/>\n<meta property=\"article:modified_time\" content=\"2025-02-27T12:25:33+00:00\" \/>\n<meta property=\"og:image\" content=\"https:\/\/www.premiumfruit.it\/wp-content\/uploads\/2025\/02\/faq.jpg\" \/>\n\t<meta property=\"og:image:width\" content=\"661\" \/>\n\t<meta property=\"og:image:height\" content=\"663\" \/>\n\t<meta property=\"og:image:type\" content=\"image\/jpeg\" \/>\n<meta name=\"twitter:label1\" content=\"Tempo di lettura stimato\" \/>\n\t<meta name=\"twitter:data1\" content=\"4 minuti\" \/>\n<script type=\"application\/ld+json\" class=\"yoast-schema-graph\">{\"@context\":\"https:\/\/schema.org\",\"@graph\":[{\"@type\":\"WebPage\",\"@id\":\"https:\/\/www.premiumfruit.it\/faq\/\",\"url\":\"https:\/\/www.premiumfruit.it\/faq\/\",\"name\":\"Faq &#8226; Premium Fruit\",\"isPartOf\":{\"@id\":\"https:\/\/www.premiumfruit.it\/it\/#website\"},\"primaryImageOfPage\":{\"@id\":\"https:\/\/www.premiumfruit.it\/faq\/#primaryimage\"},\"image\":{\"@id\":\"https:\/\/www.premiumfruit.it\/faq\/#primaryimage\"},\"thumbnailUrl\":\"https:\/\/www.premiumfruit.it\/wp-content\/uploads\/2025\/02\/faq.jpg\",\"datePublished\":\"2014-10-23T13:20:16+00:00\",\"dateModified\":\"2025-02-27T12:25:33+00:00\",\"breadcrumb\":{\"@id\":\"https:\/\/www.premiumfruit.it\/faq\/#breadcrumb\"},\"inLanguage\":\"it-IT\",\"potentialAction\":[{\"@type\":\"ReadAction\",\"target\":[\"https:\/\/www.premiumfruit.it\/faq\/\"]}]},{\"@type\":\"ImageObject\",\"inLanguage\":\"it-IT\",\"@id\":\"https:\/\/www.premiumfruit.it\/faq\/#primaryimage\",\"url\":\"https:\/\/www.premiumfruit.it\/wp-content\/uploads\/2025\/02\/faq.jpg\",\"contentUrl\":\"https:\/\/www.premiumfruit.it\/wp-content\/uploads\/2025\/02\/faq.jpg\"},{\"@type\":\"BreadcrumbList\",\"@id\":\"https:\/\/www.premiumfruit.it\/faq\/#breadcrumb\",\"itemListElement\":[{\"@type\":\"ListItem\",\"position\":1,\"name\":\"Home\",\"item\":\"https:\/\/www.premiumfruit.it\/\"},{\"@type\":\"ListItem\",\"position\":2,\"name\":\"Faq\"}]},{\"@type\":\"WebSite\",\"@id\":\"https:\/\/www.premiumfruit.it\/it\/#website\",\"url\":\"https:\/\/www.premiumfruit.it\/it\/\",\"name\":\"Premium Fruit\",\"description\":\"\",\"potentialAction\":[{\"@type\":\"SearchAction\",\"target\":{\"@type\":\"EntryPoint\",\"urlTemplate\":\"https:\/\/www.premiumfruit.it\/it\/?s={search_term_string}\"},\"query-input\":{\"@type\":\"PropertyValueSpecification\",\"valueRequired\":true,\"valueName\":\"search_term_string\"}}],\"inLanguage\":\"it-IT\"}]}<\/script>\n<!-- \/ Yoast SEO plugin. -->","yoast_head_json":{"title":"Faq &#8226; Premium Fruit","robots":{"index":"index","follow":"follow","max-snippet":"max-snippet:-1","max-image-preview":"max-image-preview:large","max-video-preview":"max-video-preview:-1"},"canonical":"https:\/\/www.premiumfruit.it\/faq\/","og_locale":"it_IT","og_type":"article","og_title":"Faq &#8226; Premium Fruit","og_description":"FAQ Qual&#8217;\u00e8 la filosofia di Premium Fruit? La nostra filosofia \u00e8 di offrire succhi di frutta Premium, a ns giudizio fortemente innovativi per le seguenti caratteristiche: QUALITA&#8217; E NATURALITA&#8217;: succhi 100% e non da concentrato, naturali e senza additivi TIPOLOGIA e GUSTO: utilizzando tipologie di frutta innovative, praticamente nuove per il mercato italiano, con un [&hellip;]","og_url":"https:\/\/www.premiumfruit.it\/faq\/","og_site_name":"Premium Fruit","article_publisher":"https:\/\/www.facebook.com\/premiumfruit","article_modified_time":"2025-02-27T12:25:33+00:00","og_image":[{"width":661,"height":663,"url":"https:\/\/www.premiumfruit.it\/wp-content\/uploads\/2025\/02\/faq.jpg","type":"image\/jpeg"}],"twitter_misc":{"Tempo di lettura stimato":"4 minuti"},"schema":{"@context":"https:\/\/schema.org","@graph":[{"@type":"WebPage","@id":"https:\/\/www.premiumfruit.it\/faq\/","url":"https:\/\/www.premiumfruit.it\/faq\/","name":"Faq &#8226; Premium Fruit","isPartOf":{"@id":"https:\/\/www.premiumfruit.it\/it\/#website"},"primaryImageOfPage":{"@id":"https:\/\/www.premiumfruit.it\/faq\/#primaryimage"},"image":{"@id":"https:\/\/www.premiumfruit.it\/faq\/#primaryimage"},"thumbnailUrl":"https:\/\/www.premiumfruit.it\/wp-content\/uploads\/2025\/02\/faq.jpg","datePublished":"2014-10-23T13:20:16+00:00","dateModified":"2025-02-27T12:25:33+00:00","breadcrumb":{"@id":"https:\/\/www.premiumfruit.it\/faq\/#breadcrumb"},"inLanguage":"it-IT","potentialAction":[{"@type":"ReadAction","target":["https:\/\/www.premiumfruit.it\/faq\/"]}]},{"@type":"ImageObject","inLanguage":"it-IT","@id":"https:\/\/www.premiumfruit.it\/faq\/#primaryimage","url":"https:\/\/www.premiumfruit.it\/wp-content\/uploads\/2025\/02\/faq.jpg","contentUrl":"https:\/\/www.premiumfruit.it\/wp-content\/uploads\/2025\/02\/faq.jpg"},{"@type":"BreadcrumbList","@id":"https:\/\/www.premiumfruit.it\/faq\/#breadcrumb","itemListElement":[{"@type":"ListItem","position":1,"name":"Home","item":"https:\/\/www.premiumfruit.it\/"},{"@type":"ListItem","position":2,"name":"Faq"}]},{"@type":"WebSite","@id":"https:\/\/www.premiumfruit.it\/it\/#website","url":"https:\/\/www.premiumfruit.it\/it\/","name":"Premium Fruit","description":"","potentialAction":[{"@type":"SearchAction","target":{"@type":"EntryPoint","urlTemplate":"https:\/\/www.premiumfruit.it\/it\/?s={search_term_string}"},"query-input":{"@type":"PropertyValueSpecification","valueRequired":true,"valueName":"search_term_string"}}],"inLanguage":"it-IT"}]}},"_links":{"self":[{"href":"https:\/\/www.premiumfruit.it\/it\/wp-json\/wp\/v2\/pages\/87","targetHints":{"allow":["GET"]}}],"collection":[{"href":"https:\/\/www.premiumfruit.it\/it\/wp-json\/wp\/v2\/pages"}],"about":[{"href":"https:\/\/www.premiumfruit.it\/it\/wp-json\/wp\/v2\/types\/page"}],"author":[{"embeddable":true,"href":"https:\/\/www.premiumfruit.it\/it\/wp-json\/wp\/v2\/users\/1"}],"replies":[{"embeddable":true,"href":"https:\/\/www.premiumfruit.it\/it\/wp-json\/wp\/v2\/comments?post=87"}],"version-history":[{"count":4,"href":"https:\/\/www.premiumfruit.it\/it\/wp-json\/wp\/v2\/pages\/87\/revisions"}],"predecessor-version":[{"id":2093,"href":"https:\/\/www.premiumfruit.it\/it\/wp-json\/wp\/v2\/pages\/87\/revisions\/2093"}],"wp:attachment":[{"href":"https:\/\/www.premiumfruit.it\/it\/wp-json\/wp\/v2\/media?parent=87"}],"curies":[{"name":"wp","href":"https:\/\/api.w.org\/{rel}","templated":true}]}}