{"id":839,"date":"2016-04-02T17:17:22","date_gmt":"2016-04-02T15:17:22","guid":{"rendered":"http:\/\/www.premiumfruit.it\/?page_id=839"},"modified":"2022-01-25T15:34:09","modified_gmt":"2022-01-25T14:34:09","slug":"bergamotto","status":"publish","type":"page","link":"https:\/\/www.premiumfruit.it\/it\/bergamotto\/","title":{"rendered":"Bergamotto + uva"},"content":{"rendered":"<h2>Bergamotto + uva<\/h2>\n<p><center><img loading=\"lazy\" decoding=\"async\" class=\"size-full wp-image-850 alignnone\" src=\"https:\/\/www.premiumfruit.it\/wp-content\/uploads\/2016\/03\/BERGAMOTTO.jpg\" alt=\"BERGAMOTTO\" width=\"600\" height=\"450\" srcset=\"https:\/\/www.premiumfruit.it\/wp-content\/uploads\/2016\/03\/BERGAMOTTO.jpg 600w, https:\/\/www.premiumfruit.it\/wp-content\/uploads\/2016\/03\/BERGAMOTTO-300x225.jpg 300w\" sizes=\"auto, (max-width: 600px) 100vw, 600px\" \/><\/center><\/p>\n<p style=\"text-align: justify;\"><strong>Bergamotto + uva:<\/strong> il bergamotto della Calabria \u00e8 un agrume antico e prezioso, riscoperto per le sue propriet\u00e0 benefiche dovute al contenuto di particolari polifenoli antiossidanti, le cui interessanti propriet\u00e0 sono state dimostrate da studi scientifici condotti in Italia. Tali interessanti risultati sono divulgati di frequente in tv e alla radio, e si possono reperire facilmente in internet.<\/p>\n<p style=\"text-align: justify;\">Per migliorarne il sapore, forte e aspro, la nostra ricetta lo miscela con un dolce succo di uva bianca: due straordinari prodotti del nostro Sud Italia racchiusi in un rinfrescante rimedio naturale, tutto Sole e Salute!<\/p>\n<p style=\"text-align: justify;\"><span style=\"text-decoration: underline;\">Ingredienti:<\/span> 67% succo di uva bianca (non da succo concentrato), 33% succo di bergamotto (non da succo concentrato)<br \/>\n<a class=\"button medium green-background\" href=\"https:\/\/premiumfruit.shop\/prodotti\/5-bergamotto.html\" target=\"_blank\" rel=\"noopener noreferrer\"><i class=\"general foundicon-cart\"><\/i>ACQUISTA ONLINE<\/a><br \/>\n<a href=\"https:\/\/www.premiumfruit.it\/wp-content\/uploads\/2016\/03\/bergamotto200.png\"><img loading=\"lazy\" decoding=\"async\" class=\"alignleft size-medium wp-image-159\" src=\"https:\/\/www.premiumfruit.it\/wp-content\/uploads\/2016\/03\/bergamotto200.png\" alt=\"bergamotto\" width=\"300\" height=\"225\" \/><\/a><\/p>\n","protected":false},"excerpt":{"rendered":"<p>Bergamotto + uva Bergamotto + uva: il bergamotto della Calabria \u00e8 un agrume antico e prezioso, riscoperto per le sue propriet\u00e0 benefiche dovute al contenuto di particolari polifenoli antiossidanti, le cui interessanti propriet\u00e0 sono state dimostrate da studi scientifici condotti in Italia. Tali interessanti risultati sono divulgati di frequente in tv e alla radio, e [&hellip;]<\/p>\n","protected":false},"author":1,"featured_media":0,"parent":0,"menu_order":0,"comment_status":"closed","ping_status":"closed","template":"","meta":{"footnotes":""},"class_list":["post-839","page","type-page","status-publish","hentry"],"yoast_head":"<!-- This site is optimized with the Yoast SEO plugin v24.5 - https:\/\/yoast.com\/wordpress\/plugins\/seo\/ -->\n<title>Bergamotto + uva - Premium Fruit<\/title>\n<meta name=\"description\" content=\"Il bergamotto della Calabria \u00e8 un agrume antico e prezioso, riscoperto per le sue propriet\u00e0 benefiche dovute al contenuto di particolari polifenoli antiossidanti\" \/>\n<meta name=\"robots\" content=\"index, follow, max-snippet:-1, max-image-preview:large, max-video-preview:-1\" \/>\n<link rel=\"canonical\" href=\"https:\/\/www.premiumfruit.it\/bergamotto\/\" \/>\n<meta property=\"og:locale\" content=\"it_IT\" \/>\n<meta property=\"og:type\" content=\"article\" \/>\n<meta property=\"og:title\" content=\"Bergamotto + uva - Premium Fruit\" \/>\n<meta property=\"og:description\" content=\"Il bergamotto della Calabria \u00e8 un agrume antico e prezioso, riscoperto per le sue propriet\u00e0 benefiche dovute al contenuto di particolari polifenoli antiossidanti\" \/>\n<meta property=\"og:url\" content=\"https:\/\/www.premiumfruit.it\/bergamotto\/\" \/>\n<meta property=\"og:site_name\" content=\"Premium Fruit\" \/>\n<meta property=\"article:publisher\" content=\"https:\/\/www.facebook.com\/premiumfruit\" \/>\n<meta property=\"article:modified_time\" content=\"2022-01-25T14:34:09+00:00\" \/>\n<meta property=\"og:image\" content=\"https:\/\/www.premiumfruit.it\/wp-content\/uploads\/2016\/03\/BERGAMOTTO.jpg\" \/>\n\t<meta property=\"og:image:width\" content=\"600\" \/>\n\t<meta property=\"og:image:height\" content=\"450\" \/>\n\t<meta property=\"og:image:type\" content=\"image\/jpeg\" \/>\n<meta name=\"twitter:label1\" content=\"Tempo di lettura stimato\" \/>\n\t<meta name=\"twitter:data1\" content=\"1 minuto\" \/>\n<script type=\"application\/ld+json\" class=\"yoast-schema-graph\">{\"@context\":\"https:\/\/schema.org\",\"@graph\":[{\"@type\":\"WebPage\",\"@id\":\"https:\/\/www.premiumfruit.it\/bergamotto\/\",\"url\":\"https:\/\/www.premiumfruit.it\/bergamotto\/\",\"name\":\"Bergamotto + uva - Premium Fruit\",\"isPartOf\":{\"@id\":\"https:\/\/www.premiumfruit.it\/it\/#website\"},\"primaryImageOfPage\":{\"@id\":\"https:\/\/www.premiumfruit.it\/bergamotto\/#primaryimage\"},\"image\":{\"@id\":\"https:\/\/www.premiumfruit.it\/bergamotto\/#primaryimage\"},\"thumbnailUrl\":\"https:\/\/www.premiumfruit.it\/wp-content\/uploads\/2016\/03\/BERGAMOTTO.jpg\",\"datePublished\":\"2016-04-02T15:17:22+00:00\",\"dateModified\":\"2022-01-25T14:34:09+00:00\",\"description\":\"Il bergamotto della Calabria \u00e8 un agrume antico e prezioso, riscoperto per le sue propriet\u00e0 benefiche dovute al contenuto di particolari polifenoli antiossidanti\",\"breadcrumb\":{\"@id\":\"https:\/\/www.premiumfruit.it\/bergamotto\/#breadcrumb\"},\"inLanguage\":\"it-IT\",\"potentialAction\":[{\"@type\":\"ReadAction\",\"target\":[\"https:\/\/www.premiumfruit.it\/bergamotto\/\"]}]},{\"@type\":\"ImageObject\",\"inLanguage\":\"it-IT\",\"@id\":\"https:\/\/www.premiumfruit.it\/bergamotto\/#primaryimage\",\"url\":\"https:\/\/www.premiumfruit.it\/wp-content\/uploads\/2016\/03\/BERGAMOTTO.jpg\",\"contentUrl\":\"https:\/\/www.premiumfruit.it\/wp-content\/uploads\/2016\/03\/BERGAMOTTO.jpg\"},{\"@type\":\"BreadcrumbList\",\"@id\":\"https:\/\/www.premiumfruit.it\/bergamotto\/#breadcrumb\",\"itemListElement\":[{\"@type\":\"ListItem\",\"position\":1,\"name\":\"Home\",\"item\":\"https:\/\/www.premiumfruit.it\/\"},{\"@type\":\"ListItem\",\"position\":2,\"name\":\"Bergamotto + uva\"}]},{\"@type\":\"WebSite\",\"@id\":\"https:\/\/www.premiumfruit.it\/it\/#website\",\"url\":\"https:\/\/www.premiumfruit.it\/it\/\",\"name\":\"Premium Fruit\",\"description\":\"\",\"potentialAction\":[{\"@type\":\"SearchAction\",\"target\":{\"@type\":\"EntryPoint\",\"urlTemplate\":\"https:\/\/www.premiumfruit.it\/it\/?s={search_term_string}\"},\"query-input\":{\"@type\":\"PropertyValueSpecification\",\"valueRequired\":true,\"valueName\":\"search_term_string\"}}],\"inLanguage\":\"it-IT\"}]}<\/script>\n<!-- \/ Yoast SEO plugin. -->","yoast_head_json":{"title":"Bergamotto + uva - Premium Fruit","description":"Il bergamotto della Calabria \u00e8 un agrume antico e prezioso, riscoperto per le sue propriet\u00e0 benefiche dovute al contenuto di particolari polifenoli antiossidanti","robots":{"index":"index","follow":"follow","max-snippet":"max-snippet:-1","max-image-preview":"max-image-preview:large","max-video-preview":"max-video-preview:-1"},"canonical":"https:\/\/www.premiumfruit.it\/bergamotto\/","og_locale":"it_IT","og_type":"article","og_title":"Bergamotto + uva - Premium Fruit","og_description":"Il bergamotto della Calabria \u00e8 un agrume antico e prezioso, riscoperto per le sue propriet\u00e0 benefiche dovute al contenuto di particolari polifenoli antiossidanti","og_url":"https:\/\/www.premiumfruit.it\/bergamotto\/","og_site_name":"Premium Fruit","article_publisher":"https:\/\/www.facebook.com\/premiumfruit","article_modified_time":"2022-01-25T14:34:09+00:00","og_image":[{"width":600,"height":450,"url":"https:\/\/www.premiumfruit.it\/wp-content\/uploads\/2016\/03\/BERGAMOTTO.jpg","type":"image\/jpeg"}],"twitter_misc":{"Tempo di lettura stimato":"1 minuto"},"schema":{"@context":"https:\/\/schema.org","@graph":[{"@type":"WebPage","@id":"https:\/\/www.premiumfruit.it\/bergamotto\/","url":"https:\/\/www.premiumfruit.it\/bergamotto\/","name":"Bergamotto + uva - Premium Fruit","isPartOf":{"@id":"https:\/\/www.premiumfruit.it\/it\/#website"},"primaryImageOfPage":{"@id":"https:\/\/www.premiumfruit.it\/bergamotto\/#primaryimage"},"image":{"@id":"https:\/\/www.premiumfruit.it\/bergamotto\/#primaryimage"},"thumbnailUrl":"https:\/\/www.premiumfruit.it\/wp-content\/uploads\/2016\/03\/BERGAMOTTO.jpg","datePublished":"2016-04-02T15:17:22+00:00","dateModified":"2022-01-25T14:34:09+00:00","description":"Il bergamotto della Calabria \u00e8 un agrume antico e prezioso, riscoperto per le sue propriet\u00e0 benefiche dovute al contenuto di particolari polifenoli antiossidanti","breadcrumb":{"@id":"https:\/\/www.premiumfruit.it\/bergamotto\/#breadcrumb"},"inLanguage":"it-IT","potentialAction":[{"@type":"ReadAction","target":["https:\/\/www.premiumfruit.it\/bergamotto\/"]}]},{"@type":"ImageObject","inLanguage":"it-IT","@id":"https:\/\/www.premiumfruit.it\/bergamotto\/#primaryimage","url":"https:\/\/www.premiumfruit.it\/wp-content\/uploads\/2016\/03\/BERGAMOTTO.jpg","contentUrl":"https:\/\/www.premiumfruit.it\/wp-content\/uploads\/2016\/03\/BERGAMOTTO.jpg"},{"@type":"BreadcrumbList","@id":"https:\/\/www.premiumfruit.it\/bergamotto\/#breadcrumb","itemListElement":[{"@type":"ListItem","position":1,"name":"Home","item":"https:\/\/www.premiumfruit.it\/"},{"@type":"ListItem","position":2,"name":"Bergamotto + uva"}]},{"@type":"WebSite","@id":"https:\/\/www.premiumfruit.it\/it\/#website","url":"https:\/\/www.premiumfruit.it\/it\/","name":"Premium Fruit","description":"","potentialAction":[{"@type":"SearchAction","target":{"@type":"EntryPoint","urlTemplate":"https:\/\/www.premiumfruit.it\/it\/?s={search_term_string}"},"query-input":{"@type":"PropertyValueSpecification","valueRequired":true,"valueName":"search_term_string"}}],"inLanguage":"it-IT"}]}},"_links":{"self":[{"href":"https:\/\/www.premiumfruit.it\/it\/wp-json\/wp\/v2\/pages\/839","targetHints":{"allow":["GET"]}}],"collection":[{"href":"https:\/\/www.premiumfruit.it\/it\/wp-json\/wp\/v2\/pages"}],"about":[{"href":"https:\/\/www.premiumfruit.it\/it\/wp-json\/wp\/v2\/types\/page"}],"author":[{"embeddable":true,"href":"https:\/\/www.premiumfruit.it\/it\/wp-json\/wp\/v2\/users\/1"}],"replies":[{"embeddable":true,"href":"https:\/\/www.premiumfruit.it\/it\/wp-json\/wp\/v2\/comments?post=839"}],"version-history":[{"count":13,"href":"https:\/\/www.premiumfruit.it\/it\/wp-json\/wp\/v2\/pages\/839\/revisions"}],"predecessor-version":[{"id":1979,"href":"https:\/\/www.premiumfruit.it\/it\/wp-json\/wp\/v2\/pages\/839\/revisions\/1979"}],"wp:attachment":[{"href":"https:\/\/www.premiumfruit.it\/it\/wp-json\/wp\/v2\/media?parent=839"}],"curies":[{"name":"wp","href":"https:\/\/api.w.org\/{rel}","templated":true}]}}