{"id":466,"date":"2014-10-25T15:05:05","date_gmt":"2014-10-25T13:05:05","guid":{"rendered":"http:\/\/www.premiumfruit.it\/?page_id=466"},"modified":"2025-02-28T12:52:01","modified_gmt":"2025-02-28T11:52:01","slug":"succo-aloe","status":"publish","type":"page","link":"https:\/\/www.premiumfruit.it\/it\/succo-aloe\/","title":{"rendered":"Succo aloe"},"content":{"rendered":"<h2>Succo aloe 100%<\/h2>\n<p><center><img loading=\"lazy\" decoding=\"async\" class=\"aligncenter wp-image-467 size-full\" title=\"succo aloe\" src=\"https:\/\/www.premiumfruit.it\/wp-content\/uploads\/2025\/02\/succo-aloe-Premium-fruit.png\" alt=\"succo aloe\" width=\"600\" height=\"416\" \/><\/center><\/p>\n<p style=\"text-align: justify;\">Succo Aloe: il nostro succo <strong>100% di Aloe \u00e8 puro e naturale<\/strong>, ottenuto da coltivazioni senza uso di pesticidi e fertilizzanti chimici, spremuto con le pi\u00f9 moderne tecnologie per estrarre e preservare tutti i suoi composti benefici, senza aggiunta di conservanti, a differenza della maggior parte degli Aloe in commercio che invece contengono due conservanti: benzoato di sodio e sorbato di potassio (che oltretutto conferiscono un sapore amarognolo e asprigno all&#8217;Aloe, che gi\u00e0 di per s\u00e9 non \u00e8 particolarmente gradevole).<\/p>\n<p style=\"text-align: justify;\">Proprio per contrastare la scarsa gradevolezza di questo benefico succo, si consiglia di berlo mischiato con altri succhi di frutta puri e naturali della linea Premium Fruit, cos\u00ec da creare <strong>combinazioni gustose<\/strong> e sempre nuove, aggiungendo all&#8217;Aloe altri preziosi composti benefici del succo di frutta con cui viene miscelato.<\/p>\n<p style=\"text-align: justify;\">L&#8217;Aloe \u00e8 la tua migliore amica per star bene naturalmente!<\/p>\n<p style=\"text-align: justify;\"><span style=\"text-decoration: underline;\">Ingredienti<\/span>: 100% succo di aloe (non da succo concentrato), correttore di acidit\u00e0: acido citrico<\/p>\n<p><a class=\"button medium green-background\" href=\"https:\/\/premiumfruit.shop\/prodotti\/8-aloe.html\" target=\"_blank\"><i class=\"general foundicon-cart\"><\/i>ACQUISTA ONLINE<\/a><\/p>\n<p style=\"text-align: justify;\"><a href=\"https:\/\/www.premiumfruit.it\/wp-content\/uploads\/2025\/02\/aloe.jpg\"><img loading=\"lazy\" decoding=\"async\" class=\"alignleft size-medium wp-image-472\" src=\"https:\/\/www.premiumfruit.it\/wp-content\/uploads\/2025\/02\/aloe-300x225.jpg\" alt=\"succo aloe\" width=\"300\" height=\"225\" \/><\/a><\/p>\n","protected":false},"excerpt":{"rendered":"<p>Succo aloe 100% Succo Aloe: il nostro succo 100% di Aloe \u00e8 puro e naturale, ottenuto da coltivazioni senza uso di pesticidi e fertilizzanti chimici, spremuto con le pi\u00f9 moderne tecnologie per estrarre e preservare tutti i suoi composti benefici, senza aggiunta di conservanti, a differenza della maggior parte degli Aloe in commercio che invece [&hellip;]<\/p>\n","protected":false},"author":1,"featured_media":0,"parent":0,"menu_order":0,"comment_status":"closed","ping_status":"open","template":"","meta":{"footnotes":""},"class_list":["post-466","page","type-page","status-publish","hentry"],"yoast_head":"<!-- This site is optimized with the Yoast SEO plugin v24.5 - https:\/\/yoast.com\/wordpress\/plugins\/seo\/ -->\n<title>Succo aloe &#8226; Premium Fruit<\/title>\n<meta name=\"description\" content=\"Succo aloe: il nostro succo 100% di Aloe \u00e8 puro e naturale, ottenuto da coltivazioni senza uso di pesticidi e fertilizzanti chimici\" \/>\n<meta name=\"robots\" content=\"index, follow, max-snippet:-1, max-image-preview:large, max-video-preview:-1\" \/>\n<link rel=\"canonical\" href=\"https:\/\/www.premiumfruit.it\/succo-aloe\/\" \/>\n<meta property=\"og:locale\" content=\"it_IT\" \/>\n<meta property=\"og:type\" content=\"article\" \/>\n<meta property=\"og:title\" content=\"Succo aloe &#8226; Premium Fruit\" \/>\n<meta property=\"og:description\" content=\"Succo aloe: il nostro succo 100% di Aloe \u00e8 puro e naturale, ottenuto da coltivazioni senza uso di pesticidi e fertilizzanti chimici\" \/>\n<meta property=\"og:url\" content=\"https:\/\/www.premiumfruit.it\/succo-aloe\/\" \/>\n<meta property=\"og:site_name\" content=\"Premium Fruit\" \/>\n<meta property=\"article:publisher\" content=\"https:\/\/www.facebook.com\/premiumfruit\" \/>\n<meta property=\"article:modified_time\" content=\"2025-02-28T11:52:01+00:00\" \/>\n<meta property=\"og:image\" content=\"https:\/\/www.premiumfruit.it\/wp-content\/uploads\/2014\/10\/aloe1.png\" \/>\n\t<meta property=\"og:image:width\" content=\"600\" \/>\n\t<meta property=\"og:image:height\" content=\"416\" \/>\n\t<meta property=\"og:image:type\" content=\"image\/png\" \/>\n<meta name=\"twitter:label1\" content=\"Tempo di lettura stimato\" \/>\n\t<meta name=\"twitter:data1\" content=\"2 minuti\" \/>\n<script type=\"application\/ld+json\" class=\"yoast-schema-graph\">{\"@context\":\"https:\/\/schema.org\",\"@graph\":[{\"@type\":\"WebPage\",\"@id\":\"https:\/\/www.premiumfruit.it\/succo-aloe\/\",\"url\":\"https:\/\/www.premiumfruit.it\/succo-aloe\/\",\"name\":\"Succo aloe &#8226; Premium Fruit\",\"isPartOf\":{\"@id\":\"https:\/\/www.premiumfruit.it\/it\/#website\"},\"primaryImageOfPage\":{\"@id\":\"https:\/\/www.premiumfruit.it\/succo-aloe\/#primaryimage\"},\"image\":{\"@id\":\"https:\/\/www.premiumfruit.it\/succo-aloe\/#primaryimage\"},\"thumbnailUrl\":\"https:\/\/www.premiumfruit.it\/wp-content\/uploads\/2025\/02\/succo-aloe-Premium-fruit.png\",\"datePublished\":\"2014-10-25T13:05:05+00:00\",\"dateModified\":\"2025-02-28T11:52:01+00:00\",\"description\":\"Succo aloe: il nostro succo 100% di Aloe \u00e8 puro e naturale, ottenuto da coltivazioni senza uso di pesticidi e fertilizzanti chimici\",\"breadcrumb\":{\"@id\":\"https:\/\/www.premiumfruit.it\/succo-aloe\/#breadcrumb\"},\"inLanguage\":\"it-IT\",\"potentialAction\":[{\"@type\":\"ReadAction\",\"target\":[\"https:\/\/www.premiumfruit.it\/succo-aloe\/\"]}]},{\"@type\":\"ImageObject\",\"inLanguage\":\"it-IT\",\"@id\":\"https:\/\/www.premiumfruit.it\/succo-aloe\/#primaryimage\",\"url\":\"https:\/\/www.premiumfruit.it\/wp-content\/uploads\/2025\/02\/succo-aloe-Premium-fruit.png\",\"contentUrl\":\"https:\/\/www.premiumfruit.it\/wp-content\/uploads\/2025\/02\/succo-aloe-Premium-fruit.png\"},{\"@type\":\"BreadcrumbList\",\"@id\":\"https:\/\/www.premiumfruit.it\/succo-aloe\/#breadcrumb\",\"itemListElement\":[{\"@type\":\"ListItem\",\"position\":1,\"name\":\"Home\",\"item\":\"https:\/\/www.premiumfruit.it\/\"},{\"@type\":\"ListItem\",\"position\":2,\"name\":\"Succo aloe\"}]},{\"@type\":\"WebSite\",\"@id\":\"https:\/\/www.premiumfruit.it\/it\/#website\",\"url\":\"https:\/\/www.premiumfruit.it\/it\/\",\"name\":\"Premium Fruit\",\"description\":\"\",\"potentialAction\":[{\"@type\":\"SearchAction\",\"target\":{\"@type\":\"EntryPoint\",\"urlTemplate\":\"https:\/\/www.premiumfruit.it\/it\/?s={search_term_string}\"},\"query-input\":{\"@type\":\"PropertyValueSpecification\",\"valueRequired\":true,\"valueName\":\"search_term_string\"}}],\"inLanguage\":\"it-IT\"}]}<\/script>\n<!-- \/ Yoast SEO plugin. -->","yoast_head_json":{"title":"Succo aloe &#8226; Premium Fruit","description":"Succo aloe: il nostro succo 100% di Aloe \u00e8 puro e naturale, ottenuto da coltivazioni senza uso di pesticidi e fertilizzanti chimici","robots":{"index":"index","follow":"follow","max-snippet":"max-snippet:-1","max-image-preview":"max-image-preview:large","max-video-preview":"max-video-preview:-1"},"canonical":"https:\/\/www.premiumfruit.it\/succo-aloe\/","og_locale":"it_IT","og_type":"article","og_title":"Succo aloe &#8226; Premium Fruit","og_description":"Succo aloe: il nostro succo 100% di Aloe \u00e8 puro e naturale, ottenuto da coltivazioni senza uso di pesticidi e fertilizzanti chimici","og_url":"https:\/\/www.premiumfruit.it\/succo-aloe\/","og_site_name":"Premium Fruit","article_publisher":"https:\/\/www.facebook.com\/premiumfruit","article_modified_time":"2025-02-28T11:52:01+00:00","og_image":[{"width":600,"height":416,"url":"https:\/\/www.premiumfruit.it\/wp-content\/uploads\/2014\/10\/aloe1.png","type":"image\/png"}],"twitter_misc":{"Tempo di lettura stimato":"2 minuti"},"schema":{"@context":"https:\/\/schema.org","@graph":[{"@type":"WebPage","@id":"https:\/\/www.premiumfruit.it\/succo-aloe\/","url":"https:\/\/www.premiumfruit.it\/succo-aloe\/","name":"Succo aloe &#8226; Premium Fruit","isPartOf":{"@id":"https:\/\/www.premiumfruit.it\/it\/#website"},"primaryImageOfPage":{"@id":"https:\/\/www.premiumfruit.it\/succo-aloe\/#primaryimage"},"image":{"@id":"https:\/\/www.premiumfruit.it\/succo-aloe\/#primaryimage"},"thumbnailUrl":"https:\/\/www.premiumfruit.it\/wp-content\/uploads\/2025\/02\/succo-aloe-Premium-fruit.png","datePublished":"2014-10-25T13:05:05+00:00","dateModified":"2025-02-28T11:52:01+00:00","description":"Succo aloe: il nostro succo 100% di Aloe \u00e8 puro e naturale, ottenuto da coltivazioni senza uso di pesticidi e fertilizzanti chimici","breadcrumb":{"@id":"https:\/\/www.premiumfruit.it\/succo-aloe\/#breadcrumb"},"inLanguage":"it-IT","potentialAction":[{"@type":"ReadAction","target":["https:\/\/www.premiumfruit.it\/succo-aloe\/"]}]},{"@type":"ImageObject","inLanguage":"it-IT","@id":"https:\/\/www.premiumfruit.it\/succo-aloe\/#primaryimage","url":"https:\/\/www.premiumfruit.it\/wp-content\/uploads\/2025\/02\/succo-aloe-Premium-fruit.png","contentUrl":"https:\/\/www.premiumfruit.it\/wp-content\/uploads\/2025\/02\/succo-aloe-Premium-fruit.png"},{"@type":"BreadcrumbList","@id":"https:\/\/www.premiumfruit.it\/succo-aloe\/#breadcrumb","itemListElement":[{"@type":"ListItem","position":1,"name":"Home","item":"https:\/\/www.premiumfruit.it\/"},{"@type":"ListItem","position":2,"name":"Succo aloe"}]},{"@type":"WebSite","@id":"https:\/\/www.premiumfruit.it\/it\/#website","url":"https:\/\/www.premiumfruit.it\/it\/","name":"Premium Fruit","description":"","potentialAction":[{"@type":"SearchAction","target":{"@type":"EntryPoint","urlTemplate":"https:\/\/www.premiumfruit.it\/it\/?s={search_term_string}"},"query-input":{"@type":"PropertyValueSpecification","valueRequired":true,"valueName":"search_term_string"}}],"inLanguage":"it-IT"}]}},"_links":{"self":[{"href":"https:\/\/www.premiumfruit.it\/it\/wp-json\/wp\/v2\/pages\/466","targetHints":{"allow":["GET"]}}],"collection":[{"href":"https:\/\/www.premiumfruit.it\/it\/wp-json\/wp\/v2\/pages"}],"about":[{"href":"https:\/\/www.premiumfruit.it\/it\/wp-json\/wp\/v2\/types\/page"}],"author":[{"embeddable":true,"href":"https:\/\/www.premiumfruit.it\/it\/wp-json\/wp\/v2\/users\/1"}],"replies":[{"embeddable":true,"href":"https:\/\/www.premiumfruit.it\/it\/wp-json\/wp\/v2\/comments?post=466"}],"version-history":[{"count":6,"href":"https:\/\/www.premiumfruit.it\/it\/wp-json\/wp\/v2\/pages\/466\/revisions"}],"predecessor-version":[{"id":2182,"href":"https:\/\/www.premiumfruit.it\/it\/wp-json\/wp\/v2\/pages\/466\/revisions\/2182"}],"wp:attachment":[{"href":"https:\/\/www.premiumfruit.it\/it\/wp-json\/wp\/v2\/media?parent=466"}],"curies":[{"name":"wp","href":"https:\/\/api.w.org\/{rel}","templated":true}]}}