{"id":424,"date":"2014-10-25T12:09:11","date_gmt":"2014-10-25T10:09:11","guid":{"rendered":"http:\/\/www.premiumfruit.it\/?page_id=424"},"modified":"2025-02-28T12:45:19","modified_gmt":"2025-02-28T11:45:19","slug":"frullato-mango","status":"publish","type":"page","link":"https:\/\/www.premiumfruit.it\/it\/frullato-mango\/","title":{"rendered":"Frullato mango"},"content":{"rendered":"<h2>Frullato mango 100%<\/h2>\n<p><center><img loading=\"lazy\" decoding=\"async\" class=\"alignnone wp-image-718 size-full\" src=\"https:\/\/www.premiumfruit.it\/wp-content\/uploads\/2025\/02\/succo-mango-Premium-fruit.png\" alt=\"frullato mango\" width=\"600\" height=\"416\" \/><\/center><\/p>\n<p style=\"text-align: justify;\">Frullato Mango: \u00e8 un <strong>frullato 100% di mango<\/strong>, puro e naturale, senza nessun additivo.<\/p>\n<p style=\"text-align: justify;\">\u00c8 unico e pregiato perch\u00e9 contiene solo ed <strong>esclusivamente mango<\/strong>, mentre altri prodotti hanno il mango in primo piano sull&#8217;etichetta, ma ne contengono solo una piccola percentuale, diluita con acqua e zucchero o con succhi di minor valore. Pu\u00f2 essere un&#8217;originale merenda, ricca di fibre, che ti d\u00e0 la carica quotidiana con gusto e benessere!<\/p>\n<p style=\"text-align: justify;\"><span style=\"text-decoration: underline;\">Ingredienti<\/span>: 100% purea di mango (non da concentrato)<\/p>\n<p><a class=\"button medium green-background\" href=\"https:\/\/premiumfruit.shop\/prodotti\/7-mango.html\" target=\"_blank\"><i class=\"general foundicon-cart\"><\/i>ACQUISTA ONLINE<\/a><br \/>\n<a href=\"https:\/\/www.premiumfruit.it\/wp-content\/uploads\/2025\/02\/succo-mango.png\"><img loading=\"lazy\" decoding=\"async\" class=\"alignleft size-medium wp-image-425\" src=\"https:\/\/www.premiumfruit.it\/wp-content\/uploads\/2025\/02\/succo-mango.png\" alt=\"frullato mango\" width=\"300\" height=\"225\" \/><\/a><\/p>\n","protected":false},"excerpt":{"rendered":"<p>Frullato mango 100% Frullato Mango: \u00e8 un frullato 100% di mango, puro e naturale, senza nessun additivo. \u00c8 unico e pregiato perch\u00e9 contiene solo ed esclusivamente mango, mentre altri prodotti hanno il mango in primo piano sull&#8217;etichetta, ma ne contengono solo una piccola percentuale, diluita con acqua e zucchero o con succhi di minor valore. [&hellip;]<\/p>\n","protected":false},"author":1,"featured_media":0,"parent":0,"menu_order":0,"comment_status":"closed","ping_status":"open","template":"","meta":{"footnotes":""},"class_list":["post-424","page","type-page","status-publish","hentry"],"yoast_head":"<!-- This site is optimized with the Yoast SEO plugin v24.5 - https:\/\/yoast.com\/wordpress\/plugins\/seo\/ -->\n<title>Frullato mango &#8226; Premium Fruit<\/title>\n<meta name=\"description\" content=\"Frullato mango: \u00e8 un frullato 100% di mango Premium Fruit, puro e naturale, senza nessun additivo.\" \/>\n<meta name=\"robots\" content=\"index, follow, max-snippet:-1, max-image-preview:large, max-video-preview:-1\" \/>\n<link rel=\"canonical\" href=\"https:\/\/www.premiumfruit.it\/frullato-mango\/\" \/>\n<meta property=\"og:locale\" content=\"it_IT\" \/>\n<meta property=\"og:type\" content=\"article\" \/>\n<meta property=\"og:title\" content=\"Frullato mango &#8226; Premium Fruit\" \/>\n<meta property=\"og:description\" content=\"Frullato mango: \u00e8 un frullato 100% di mango Premium Fruit, puro e naturale, senza nessun additivo.\" \/>\n<meta property=\"og:url\" content=\"https:\/\/www.premiumfruit.it\/frullato-mango\/\" \/>\n<meta property=\"og:site_name\" content=\"Premium Fruit\" \/>\n<meta property=\"article:publisher\" content=\"https:\/\/www.facebook.com\/premiumfruit\" \/>\n<meta property=\"article:modified_time\" content=\"2025-02-28T11:45:19+00:00\" \/>\n<meta property=\"og:image\" content=\"https:\/\/www.premiumfruit.it\/wp-content\/uploads\/2014\/10\/mango1.png\" \/>\n\t<meta property=\"og:image:width\" content=\"600\" \/>\n\t<meta property=\"og:image:height\" content=\"416\" \/>\n\t<meta property=\"og:image:type\" content=\"image\/png\" \/>\n<meta name=\"twitter:label1\" content=\"Tempo di lettura stimato\" \/>\n\t<meta name=\"twitter:data1\" content=\"1 minuto\" \/>\n<script type=\"application\/ld+json\" class=\"yoast-schema-graph\">{\"@context\":\"https:\/\/schema.org\",\"@graph\":[{\"@type\":\"WebPage\",\"@id\":\"https:\/\/www.premiumfruit.it\/frullato-mango\/\",\"url\":\"https:\/\/www.premiumfruit.it\/frullato-mango\/\",\"name\":\"Frullato mango &#8226; Premium Fruit\",\"isPartOf\":{\"@id\":\"https:\/\/www.premiumfruit.it\/it\/#website\"},\"primaryImageOfPage\":{\"@id\":\"https:\/\/www.premiumfruit.it\/frullato-mango\/#primaryimage\"},\"image\":{\"@id\":\"https:\/\/www.premiumfruit.it\/frullato-mango\/#primaryimage\"},\"thumbnailUrl\":\"https:\/\/www.premiumfruit.it\/wp-content\/uploads\/2025\/02\/succo-mango-Premium-fruit.png\",\"datePublished\":\"2014-10-25T10:09:11+00:00\",\"dateModified\":\"2025-02-28T11:45:19+00:00\",\"description\":\"Frullato mango: \u00e8 un frullato 100% di mango Premium Fruit, puro e naturale, senza nessun additivo.\",\"breadcrumb\":{\"@id\":\"https:\/\/www.premiumfruit.it\/frullato-mango\/#breadcrumb\"},\"inLanguage\":\"it-IT\",\"potentialAction\":[{\"@type\":\"ReadAction\",\"target\":[\"https:\/\/www.premiumfruit.it\/frullato-mango\/\"]}]},{\"@type\":\"ImageObject\",\"inLanguage\":\"it-IT\",\"@id\":\"https:\/\/www.premiumfruit.it\/frullato-mango\/#primaryimage\",\"url\":\"https:\/\/www.premiumfruit.it\/wp-content\/uploads\/2025\/02\/succo-mango-Premium-fruit.png\",\"contentUrl\":\"https:\/\/www.premiumfruit.it\/wp-content\/uploads\/2025\/02\/succo-mango-Premium-fruit.png\"},{\"@type\":\"BreadcrumbList\",\"@id\":\"https:\/\/www.premiumfruit.it\/frullato-mango\/#breadcrumb\",\"itemListElement\":[{\"@type\":\"ListItem\",\"position\":1,\"name\":\"Home\",\"item\":\"https:\/\/www.premiumfruit.it\/\"},{\"@type\":\"ListItem\",\"position\":2,\"name\":\"Frullato mango\"}]},{\"@type\":\"WebSite\",\"@id\":\"https:\/\/www.premiumfruit.it\/it\/#website\",\"url\":\"https:\/\/www.premiumfruit.it\/it\/\",\"name\":\"Premium Fruit\",\"description\":\"\",\"potentialAction\":[{\"@type\":\"SearchAction\",\"target\":{\"@type\":\"EntryPoint\",\"urlTemplate\":\"https:\/\/www.premiumfruit.it\/it\/?s={search_term_string}\"},\"query-input\":{\"@type\":\"PropertyValueSpecification\",\"valueRequired\":true,\"valueName\":\"search_term_string\"}}],\"inLanguage\":\"it-IT\"}]}<\/script>\n<!-- \/ Yoast SEO plugin. -->","yoast_head_json":{"title":"Frullato mango &#8226; Premium Fruit","description":"Frullato mango: \u00e8 un frullato 100% di mango Premium Fruit, puro e naturale, senza nessun additivo.","robots":{"index":"index","follow":"follow","max-snippet":"max-snippet:-1","max-image-preview":"max-image-preview:large","max-video-preview":"max-video-preview:-1"},"canonical":"https:\/\/www.premiumfruit.it\/frullato-mango\/","og_locale":"it_IT","og_type":"article","og_title":"Frullato mango &#8226; Premium Fruit","og_description":"Frullato mango: \u00e8 un frullato 100% di mango Premium Fruit, puro e naturale, senza nessun additivo.","og_url":"https:\/\/www.premiumfruit.it\/frullato-mango\/","og_site_name":"Premium Fruit","article_publisher":"https:\/\/www.facebook.com\/premiumfruit","article_modified_time":"2025-02-28T11:45:19+00:00","og_image":[{"width":600,"height":416,"url":"https:\/\/www.premiumfruit.it\/wp-content\/uploads\/2014\/10\/mango1.png","type":"image\/png"}],"twitter_misc":{"Tempo di lettura stimato":"1 minuto"},"schema":{"@context":"https:\/\/schema.org","@graph":[{"@type":"WebPage","@id":"https:\/\/www.premiumfruit.it\/frullato-mango\/","url":"https:\/\/www.premiumfruit.it\/frullato-mango\/","name":"Frullato mango &#8226; Premium Fruit","isPartOf":{"@id":"https:\/\/www.premiumfruit.it\/it\/#website"},"primaryImageOfPage":{"@id":"https:\/\/www.premiumfruit.it\/frullato-mango\/#primaryimage"},"image":{"@id":"https:\/\/www.premiumfruit.it\/frullato-mango\/#primaryimage"},"thumbnailUrl":"https:\/\/www.premiumfruit.it\/wp-content\/uploads\/2025\/02\/succo-mango-Premium-fruit.png","datePublished":"2014-10-25T10:09:11+00:00","dateModified":"2025-02-28T11:45:19+00:00","description":"Frullato mango: \u00e8 un frullato 100% di mango Premium Fruit, puro e naturale, senza nessun additivo.","breadcrumb":{"@id":"https:\/\/www.premiumfruit.it\/frullato-mango\/#breadcrumb"},"inLanguage":"it-IT","potentialAction":[{"@type":"ReadAction","target":["https:\/\/www.premiumfruit.it\/frullato-mango\/"]}]},{"@type":"ImageObject","inLanguage":"it-IT","@id":"https:\/\/www.premiumfruit.it\/frullato-mango\/#primaryimage","url":"https:\/\/www.premiumfruit.it\/wp-content\/uploads\/2025\/02\/succo-mango-Premium-fruit.png","contentUrl":"https:\/\/www.premiumfruit.it\/wp-content\/uploads\/2025\/02\/succo-mango-Premium-fruit.png"},{"@type":"BreadcrumbList","@id":"https:\/\/www.premiumfruit.it\/frullato-mango\/#breadcrumb","itemListElement":[{"@type":"ListItem","position":1,"name":"Home","item":"https:\/\/www.premiumfruit.it\/"},{"@type":"ListItem","position":2,"name":"Frullato mango"}]},{"@type":"WebSite","@id":"https:\/\/www.premiumfruit.it\/it\/#website","url":"https:\/\/www.premiumfruit.it\/it\/","name":"Premium Fruit","description":"","potentialAction":[{"@type":"SearchAction","target":{"@type":"EntryPoint","urlTemplate":"https:\/\/www.premiumfruit.it\/it\/?s={search_term_string}"},"query-input":{"@type":"PropertyValueSpecification","valueRequired":true,"valueName":"search_term_string"}}],"inLanguage":"it-IT"}]}},"_links":{"self":[{"href":"https:\/\/www.premiumfruit.it\/it\/wp-json\/wp\/v2\/pages\/424","targetHints":{"allow":["GET"]}}],"collection":[{"href":"https:\/\/www.premiumfruit.it\/it\/wp-json\/wp\/v2\/pages"}],"about":[{"href":"https:\/\/www.premiumfruit.it\/it\/wp-json\/wp\/v2\/types\/page"}],"author":[{"embeddable":true,"href":"https:\/\/www.premiumfruit.it\/it\/wp-json\/wp\/v2\/users\/1"}],"replies":[{"embeddable":true,"href":"https:\/\/www.premiumfruit.it\/it\/wp-json\/wp\/v2\/comments?post=424"}],"version-history":[{"count":6,"href":"https:\/\/www.premiumfruit.it\/it\/wp-json\/wp\/v2\/pages\/424\/revisions"}],"predecessor-version":[{"id":2179,"href":"https:\/\/www.premiumfruit.it\/it\/wp-json\/wp\/v2\/pages\/424\/revisions\/2179"}],"wp:attachment":[{"href":"https:\/\/www.premiumfruit.it\/it\/wp-json\/wp\/v2\/media?parent=424"}],"curies":[{"name":"wp","href":"https:\/\/api.w.org\/{rel}","templated":true}]}}