{"id":397,"date":"2014-10-25T11:22:28","date_gmt":"2014-10-25T09:22:28","guid":{"rendered":"http:\/\/www.premiumfruit.it\/?page_id=397"},"modified":"2025-02-28T12:23:47","modified_gmt":"2025-02-28T11:23:47","slug":"succo-mirtillo-rosso","status":"publish","type":"page","link":"https:\/\/www.premiumfruit.it\/it\/succo-mirtillo-rosso\/","title":{"rendered":"Mirtillo rosso"},"content":{"rendered":"<h2>Mirtillo Rosso<\/h2>\n<p><center><img loading=\"lazy\" decoding=\"async\" class=\"alignnone size-full wp-image-649\" src=\"https:\/\/www.premiumfruit.it\/wp-content\/uploads\/2025\/02\/succo-mirtillo-rosso-premium-fruit.png\" alt=\"mirtillo-rosso\" width=\"600\" height=\"416\" \/><\/center><\/p>\n<p style=\"text-align: justify;\"><strong>Mirtillo rosso:<\/strong> bevi con gusto tutti i benefici dei potenti antiossidanti del <strong>Mirtillo Rosso<\/strong> (Cranberry) del Canada!<\/p>\n<p style=\"text-align: justify;\">In questa ricetta \u00e8 stato aggiunto dell&#8217;ottimo succo di Uva Rossa, anch&#8217;essa dotata di straordinarie propriet\u00e0 benefiche grazie agli antiossidanti tipici dei &#8220;frutti rossi&#8221;. Questa pregiata ricetta \u00e8 stata creata per darti un elevato contenuto di cranberry (50%), il cui gusto viene bilanciato con un quantitativo di uva rossa, buona e salutare, studiato appositamente per regalarti un gusto eccellente e un mix di diverse sostanze anti-ox benefiche per il tuo organismo. Conformemente all&#8217;art. 13 del Reg. CE 1924\/2006 relativo ai claim salutistici, il cranberry ha un benefico effetto sul sistema urinario con un consumo indicato di almeno 75 g di succo puro al giorno per 12 mesi (in questa bottiglietta ci sono 100 g di puro succo di cranberry). Accompagnare con una dieta varia ed equilibrata e uno stile di vita sano.<\/p>\n<p style=\"text-align: justify;\"><strong>Premium Juice Mirtillo Rosso<\/strong> \u00e8 la tua BOMBA ROSSA!<\/p>\n<p style=\"text-align: justify;\"><span style=\"text-decoration: underline;\">Ingredienti<\/span>: 50% succo di mirtillo rosso (cranberry) (non da succo concentrato), 50% di succo di uva rossa (non da concentrato)<\/p>\n<p><a class=\"button medium green-background\" href=\"https:\/\/premiumfruit.shop\/prodotti\/3-4-mirtillo-rosso.html\" target=\"_blank\" rel=\"noopener noreferrer\"><i class=\"general foundicon-cart\"><\/i>ACQUISTA ONLINE<\/a><\/p>\n<p style=\"text-align: justify;\"><a href=\"https:\/\/www.premiumfruit.it\/wp-content\/uploads\/2025\/02\/mirtillo-rosso.png\"><img loading=\"lazy\" decoding=\"async\" class=\"alignleft wp-image-121 size-medium\" src=\"https:\/\/www.premiumfruit.it\/wp-content\/uploads\/2025\/02\/mirtillo-rosso-300x225.png\" alt=\"succo melagrana 200\" width=\"300\" height=\"225\" \/><\/p>\n","protected":false},"excerpt":{"rendered":"<p>Mirtillo Rosso Mirtillo rosso: bevi con gusto tutti i benefici dei potenti antiossidanti del Mirtillo Rosso (Cranberry) del Canada! In questa ricetta \u00e8 stato aggiunto dell&#8217;ottimo succo di Uva Rossa, anch&#8217;essa dotata di straordinarie propriet\u00e0 benefiche grazie agli antiossidanti tipici dei &#8220;frutti rossi&#8221;. Questa pregiata ricetta \u00e8 stata creata per darti un elevato contenuto di [&hellip;]<\/p>\n","protected":false},"author":1,"featured_media":0,"parent":0,"menu_order":0,"comment_status":"closed","ping_status":"open","template":"","meta":{"footnotes":""},"class_list":["post-397","page","type-page","status-publish","hentry"],"yoast_head":"<!-- This site is optimized with the Yoast SEO plugin v24.5 - https:\/\/yoast.com\/wordpress\/plugins\/seo\/ -->\n<title>Mirtillo rosso &#8226; Premium Fruit<\/title>\n<meta name=\"description\" content=\"Succo Mirtillo rosso: bevi con gusto tutti i benefici dei potenti antiossidanti del Mirtillo Rosso (Cranberry) del Canada! I\" \/>\n<meta name=\"robots\" content=\"index, follow, max-snippet:-1, max-image-preview:large, max-video-preview:-1\" \/>\n<link rel=\"canonical\" href=\"https:\/\/www.premiumfruit.it\/succo-mirtillo-rosso\/\" \/>\n<meta property=\"og:locale\" content=\"it_IT\" \/>\n<meta property=\"og:type\" content=\"article\" \/>\n<meta property=\"og:title\" content=\"Mirtillo rosso &#8226; Premium Fruit\" \/>\n<meta property=\"og:description\" content=\"Succo Mirtillo rosso: bevi con gusto tutti i benefici dei potenti antiossidanti del Mirtillo Rosso (Cranberry) del Canada! I\" \/>\n<meta property=\"og:url\" content=\"https:\/\/www.premiumfruit.it\/succo-mirtillo-rosso\/\" \/>\n<meta property=\"og:site_name\" content=\"Premium Fruit\" \/>\n<meta property=\"article:publisher\" content=\"https:\/\/www.facebook.com\/premiumfruit\" \/>\n<meta property=\"article:modified_time\" content=\"2025-02-28T11:23:47+00:00\" \/>\n<meta property=\"og:image\" content=\"https:\/\/www.premiumfruit.it\/wp-content\/uploads\/2014\/10\/mirtillo-rosso.png\" \/>\n\t<meta property=\"og:image:width\" content=\"600\" \/>\n\t<meta property=\"og:image:height\" content=\"416\" \/>\n\t<meta property=\"og:image:type\" content=\"image\/png\" \/>\n<meta name=\"twitter:label1\" content=\"Tempo di lettura stimato\" \/>\n\t<meta name=\"twitter:data1\" content=\"2 minuti\" \/>\n<script type=\"application\/ld+json\" class=\"yoast-schema-graph\">{\"@context\":\"https:\/\/schema.org\",\"@graph\":[{\"@type\":\"WebPage\",\"@id\":\"https:\/\/www.premiumfruit.it\/succo-mirtillo-rosso\/\",\"url\":\"https:\/\/www.premiumfruit.it\/succo-mirtillo-rosso\/\",\"name\":\"Mirtillo rosso &#8226; Premium Fruit\",\"isPartOf\":{\"@id\":\"https:\/\/www.premiumfruit.it\/it\/#website\"},\"primaryImageOfPage\":{\"@id\":\"https:\/\/www.premiumfruit.it\/succo-mirtillo-rosso\/#primaryimage\"},\"image\":{\"@id\":\"https:\/\/www.premiumfruit.it\/succo-mirtillo-rosso\/#primaryimage\"},\"thumbnailUrl\":\"https:\/\/www.premiumfruit.it\/wp-content\/uploads\/2025\/02\/succo-mirtillo-rosso-premium-fruit.png\",\"datePublished\":\"2014-10-25T09:22:28+00:00\",\"dateModified\":\"2025-02-28T11:23:47+00:00\",\"description\":\"Succo Mirtillo rosso: bevi con gusto tutti i benefici dei potenti antiossidanti del Mirtillo Rosso (Cranberry) del Canada! I\",\"breadcrumb\":{\"@id\":\"https:\/\/www.premiumfruit.it\/succo-mirtillo-rosso\/#breadcrumb\"},\"inLanguage\":\"it-IT\",\"potentialAction\":[{\"@type\":\"ReadAction\",\"target\":[\"https:\/\/www.premiumfruit.it\/succo-mirtillo-rosso\/\"]}]},{\"@type\":\"ImageObject\",\"inLanguage\":\"it-IT\",\"@id\":\"https:\/\/www.premiumfruit.it\/succo-mirtillo-rosso\/#primaryimage\",\"url\":\"https:\/\/www.premiumfruit.it\/wp-content\/uploads\/2025\/02\/succo-mirtillo-rosso-premium-fruit.png\",\"contentUrl\":\"https:\/\/www.premiumfruit.it\/wp-content\/uploads\/2025\/02\/succo-mirtillo-rosso-premium-fruit.png\"},{\"@type\":\"BreadcrumbList\",\"@id\":\"https:\/\/www.premiumfruit.it\/succo-mirtillo-rosso\/#breadcrumb\",\"itemListElement\":[{\"@type\":\"ListItem\",\"position\":1,\"name\":\"Home\",\"item\":\"https:\/\/www.premiumfruit.it\/\"},{\"@type\":\"ListItem\",\"position\":2,\"name\":\"Mirtillo rosso\"}]},{\"@type\":\"WebSite\",\"@id\":\"https:\/\/www.premiumfruit.it\/it\/#website\",\"url\":\"https:\/\/www.premiumfruit.it\/it\/\",\"name\":\"Premium Fruit\",\"description\":\"\",\"potentialAction\":[{\"@type\":\"SearchAction\",\"target\":{\"@type\":\"EntryPoint\",\"urlTemplate\":\"https:\/\/www.premiumfruit.it\/it\/?s={search_term_string}\"},\"query-input\":{\"@type\":\"PropertyValueSpecification\",\"valueRequired\":true,\"valueName\":\"search_term_string\"}}],\"inLanguage\":\"it-IT\"}]}<\/script>\n<!-- \/ Yoast SEO plugin. -->","yoast_head_json":{"title":"Mirtillo rosso &#8226; Premium Fruit","description":"Succo Mirtillo rosso: bevi con gusto tutti i benefici dei potenti antiossidanti del Mirtillo Rosso (Cranberry) del Canada! I","robots":{"index":"index","follow":"follow","max-snippet":"max-snippet:-1","max-image-preview":"max-image-preview:large","max-video-preview":"max-video-preview:-1"},"canonical":"https:\/\/www.premiumfruit.it\/succo-mirtillo-rosso\/","og_locale":"it_IT","og_type":"article","og_title":"Mirtillo rosso &#8226; Premium Fruit","og_description":"Succo Mirtillo rosso: bevi con gusto tutti i benefici dei potenti antiossidanti del Mirtillo Rosso (Cranberry) del Canada! I","og_url":"https:\/\/www.premiumfruit.it\/succo-mirtillo-rosso\/","og_site_name":"Premium Fruit","article_publisher":"https:\/\/www.facebook.com\/premiumfruit","article_modified_time":"2025-02-28T11:23:47+00:00","og_image":[{"width":600,"height":416,"url":"https:\/\/www.premiumfruit.it\/wp-content\/uploads\/2014\/10\/mirtillo-rosso.png","type":"image\/png"}],"twitter_misc":{"Tempo di lettura stimato":"2 minuti"},"schema":{"@context":"https:\/\/schema.org","@graph":[{"@type":"WebPage","@id":"https:\/\/www.premiumfruit.it\/succo-mirtillo-rosso\/","url":"https:\/\/www.premiumfruit.it\/succo-mirtillo-rosso\/","name":"Mirtillo rosso &#8226; Premium Fruit","isPartOf":{"@id":"https:\/\/www.premiumfruit.it\/it\/#website"},"primaryImageOfPage":{"@id":"https:\/\/www.premiumfruit.it\/succo-mirtillo-rosso\/#primaryimage"},"image":{"@id":"https:\/\/www.premiumfruit.it\/succo-mirtillo-rosso\/#primaryimage"},"thumbnailUrl":"https:\/\/www.premiumfruit.it\/wp-content\/uploads\/2025\/02\/succo-mirtillo-rosso-premium-fruit.png","datePublished":"2014-10-25T09:22:28+00:00","dateModified":"2025-02-28T11:23:47+00:00","description":"Succo Mirtillo rosso: bevi con gusto tutti i benefici dei potenti antiossidanti del Mirtillo Rosso (Cranberry) del Canada! I","breadcrumb":{"@id":"https:\/\/www.premiumfruit.it\/succo-mirtillo-rosso\/#breadcrumb"},"inLanguage":"it-IT","potentialAction":[{"@type":"ReadAction","target":["https:\/\/www.premiumfruit.it\/succo-mirtillo-rosso\/"]}]},{"@type":"ImageObject","inLanguage":"it-IT","@id":"https:\/\/www.premiumfruit.it\/succo-mirtillo-rosso\/#primaryimage","url":"https:\/\/www.premiumfruit.it\/wp-content\/uploads\/2025\/02\/succo-mirtillo-rosso-premium-fruit.png","contentUrl":"https:\/\/www.premiumfruit.it\/wp-content\/uploads\/2025\/02\/succo-mirtillo-rosso-premium-fruit.png"},{"@type":"BreadcrumbList","@id":"https:\/\/www.premiumfruit.it\/succo-mirtillo-rosso\/#breadcrumb","itemListElement":[{"@type":"ListItem","position":1,"name":"Home","item":"https:\/\/www.premiumfruit.it\/"},{"@type":"ListItem","position":2,"name":"Mirtillo rosso"}]},{"@type":"WebSite","@id":"https:\/\/www.premiumfruit.it\/it\/#website","url":"https:\/\/www.premiumfruit.it\/it\/","name":"Premium Fruit","description":"","potentialAction":[{"@type":"SearchAction","target":{"@type":"EntryPoint","urlTemplate":"https:\/\/www.premiumfruit.it\/it\/?s={search_term_string}"},"query-input":{"@type":"PropertyValueSpecification","valueRequired":true,"valueName":"search_term_string"}}],"inLanguage":"it-IT"}]}},"_links":{"self":[{"href":"https:\/\/www.premiumfruit.it\/it\/wp-json\/wp\/v2\/pages\/397","targetHints":{"allow":["GET"]}}],"collection":[{"href":"https:\/\/www.premiumfruit.it\/it\/wp-json\/wp\/v2\/pages"}],"about":[{"href":"https:\/\/www.premiumfruit.it\/it\/wp-json\/wp\/v2\/types\/page"}],"author":[{"embeddable":true,"href":"https:\/\/www.premiumfruit.it\/it\/wp-json\/wp\/v2\/users\/1"}],"replies":[{"embeddable":true,"href":"https:\/\/www.premiumfruit.it\/it\/wp-json\/wp\/v2\/comments?post=397"}],"version-history":[{"count":14,"href":"https:\/\/www.premiumfruit.it\/it\/wp-json\/wp\/v2\/pages\/397\/revisions"}],"predecessor-version":[{"id":2169,"href":"https:\/\/www.premiumfruit.it\/it\/wp-json\/wp\/v2\/pages\/397\/revisions\/2169"}],"wp:attachment":[{"href":"https:\/\/www.premiumfruit.it\/it\/wp-json\/wp\/v2\/media?parent=397"}],"curies":[{"name":"wp","href":"https:\/\/api.w.org\/{rel}","templated":true}]}}