{"id":362,"date":"2014-10-25T08:46:20","date_gmt":"2014-10-25T06:46:20","guid":{"rendered":"http:\/\/www.premiumfruit.it\/?page_id=362"},"modified":"2025-02-28T12:12:40","modified_gmt":"2025-02-28T11:12:40","slug":"succo-melagrana","status":"publish","type":"page","link":"https:\/\/www.premiumfruit.it\/it\/succo-melagrana\/","title":{"rendered":"Succo Melagrana"},"content":{"rendered":"<h2>Succo Melagrana 100%<\/h2>\n<p><center><img loading=\"lazy\" decoding=\"async\" class=\"alignnone wp-image-132 size-full\" title=\"succo melagrana\" src=\"https:\/\/www.premiumfruit.it\/wp-content\/uploads\/2025\/02\/succo-melagrana-premium-fruit.png\" alt=\"succo melagrana\" width=\"600\" height=\"416\" \/><\/center><\/p>\n<p style=\"text-align: justify;\">Succo Melagrana: <span style=\"text-decoration: underline;\">Premium Juice Melagrana<\/span> \u00e8 un pregiato succo non da concentrato. \u00c8 piacevolmente dolce, perch\u00e9 ottenuto dalla spremitura di una particolare variet\u00e0 di <a href=\"http:\/\/it.wikipedia.org\/wiki\/Punica_granatum\" target=\"_blank\">melograno<\/a> dalle ottime caratteristiche organolettiche. Inoltre vengono spremuti soltanto i chicchi, previa separazione di bucce e membrane, per non estrarre eccessivi tannini.<\/p>\n<p style=\"text-align: justify;\">Proprio per l&#8217;assenza del sapore tannico e aspro, tipico della maggior parte dei prodotti simili, Premium Juice &#8220;<strong>Succo Melagrana<\/strong>&#8221; pu\u00f2 considerarsi il migliore (o uno dei migliori) succo di melograno.<\/p>\n<p style=\"text-align: justify;\">Si pu\u00f2 accompagnare anche ai pasti, perch\u00e9 a differenza degli altri succhi di frutta non ha un sapore eccessivamente dolce ma \u00e8 bilanciato dalla componente aspra e tannica, che lo rende un po&#8217; pi\u00f9 simile a un vino.<\/p>\n<p style=\"text-align: justify;\"><strong>Il melograno \u00e8 la tua carica quotidiana di antiossidanti!<\/strong><\/p>\n<p style=\"text-align: justify;\"><span style=\"text-decoration: underline;\">Ingredienti<\/span>: 100% succo melagrana (non da succo concentrato)<\/p>\n<p><a class=\"button medium green-background\" href=\"https:\/\/premiumfruit.shop\/home\/1-melagrana.html\" target=\"_blank\"><i class=\"general foundicon-cart\"><\/i>ACQUISTA ONLINE<\/a><\/p>\n<p style=\"text-align: justify;\"><a href=\"https:\/\/www.premiumfruit.it\/wp-content\/uploads\/2025\/02\/melagrana200.png\"><img loading=\"lazy\" decoding=\"async\" class=\"alignleft wp-image-121 size-medium\" src=\"https:\/\/www.premiumfruit.it\/wp-content\/uploads\/2025\/02\/melagrana200-300x225.png\" alt=\"melagrana200\" width=\"300\" height=\"225\" \/><\/a><a href=\"https:\/\/www.premiumfruit.it\/wp-content\/uploads\/2025\/02\/melagrana750.png\"><img loading=\"lazy\" decoding=\"async\" class=\"alignleft size-medium wp-image-142\" src=\"https:\/\/www.premiumfruit.it\/wp-content\/uploads\/2025\/02\/melagrana750-300x225.png\" alt=\"succo melagrana\" width=\"300\" height=\"225\" \/><\/a><\/p>\n","protected":false},"excerpt":{"rendered":"<p>Succo Melagrana 100% Succo Melagrana: Premium Juice Melagrana \u00e8 un pregiato succo non da concentrato. \u00c8 piacevolmente dolce, perch\u00e9 ottenuto dalla spremitura di una particolare variet\u00e0 di melograno dalle ottime caratteristiche organolettiche. Inoltre vengono spremuti soltanto i chicchi, previa separazione di bucce e membrane, per non estrarre eccessivi tannini. Proprio per l&#8217;assenza del sapore tannico [&hellip;]<\/p>\n","protected":false},"author":1,"featured_media":0,"parent":0,"menu_order":0,"comment_status":"closed","ping_status":"open","template":"","meta":{"footnotes":""},"class_list":["post-362","page","type-page","status-publish","hentry"],"yoast_head":"<!-- This site is optimized with the Yoast SEO plugin v24.5 - https:\/\/yoast.com\/wordpress\/plugins\/seo\/ -->\n<title>Succo Melagrana 100% succo non da concentrato<\/title>\n<meta name=\"description\" content=\"Succo Melagrana 100%: pregiato succo non da concentrato. \u00c8 piacevolmente dolce, perch\u00e9 ottenuto dalla spremitura di una particolare variet\u00e0 di melograno\" \/>\n<meta name=\"robots\" content=\"index, follow, max-snippet:-1, max-image-preview:large, max-video-preview:-1\" \/>\n<link rel=\"canonical\" href=\"https:\/\/www.premiumfruit.it\/succo-melagrana\/\" \/>\n<meta property=\"og:locale\" content=\"it_IT\" \/>\n<meta property=\"og:type\" content=\"article\" \/>\n<meta property=\"og:title\" content=\"Succo Melagrana 100% succo non da concentrato\" \/>\n<meta property=\"og:description\" content=\"Succo Melagrana 100%: pregiato succo non da concentrato. \u00c8 piacevolmente dolce, perch\u00e9 ottenuto dalla spremitura di una particolare variet\u00e0 di melograno\" \/>\n<meta property=\"og:url\" content=\"https:\/\/www.premiumfruit.it\/succo-melagrana\/\" \/>\n<meta property=\"og:site_name\" content=\"Premium Fruit\" \/>\n<meta property=\"article:publisher\" content=\"https:\/\/www.facebook.com\/premiumfruit\" \/>\n<meta property=\"article:modified_time\" content=\"2025-02-28T11:12:40+00:00\" \/>\n<meta property=\"og:image\" content=\"https:\/\/www.premiumfruit.it\/wp-content\/uploads\/2014\/10\/succomelagrana.png\" \/>\n\t<meta property=\"og:image:width\" content=\"600\" \/>\n\t<meta property=\"og:image:height\" content=\"416\" \/>\n\t<meta property=\"og:image:type\" content=\"image\/png\" \/>\n<meta name=\"twitter:label1\" content=\"Tempo di lettura stimato\" \/>\n\t<meta name=\"twitter:data1\" content=\"2 minuti\" \/>\n<script type=\"application\/ld+json\" class=\"yoast-schema-graph\">{\"@context\":\"https:\/\/schema.org\",\"@graph\":[{\"@type\":\"WebPage\",\"@id\":\"https:\/\/www.premiumfruit.it\/succo-melagrana\/\",\"url\":\"https:\/\/www.premiumfruit.it\/succo-melagrana\/\",\"name\":\"Succo Melagrana 100% succo non da concentrato\",\"isPartOf\":{\"@id\":\"https:\/\/www.premiumfruit.it\/it\/#website\"},\"primaryImageOfPage\":{\"@id\":\"https:\/\/www.premiumfruit.it\/succo-melagrana\/#primaryimage\"},\"image\":{\"@id\":\"https:\/\/www.premiumfruit.it\/succo-melagrana\/#primaryimage\"},\"thumbnailUrl\":\"https:\/\/www.premiumfruit.it\/wp-content\/uploads\/2025\/02\/succo-melagrana-premium-fruit.png\",\"datePublished\":\"2014-10-25T06:46:20+00:00\",\"dateModified\":\"2025-02-28T11:12:40+00:00\",\"description\":\"Succo Melagrana 100%: pregiato succo non da concentrato. \u00c8 piacevolmente dolce, perch\u00e9 ottenuto dalla spremitura di una particolare variet\u00e0 di melograno\",\"breadcrumb\":{\"@id\":\"https:\/\/www.premiumfruit.it\/succo-melagrana\/#breadcrumb\"},\"inLanguage\":\"it-IT\",\"potentialAction\":[{\"@type\":\"ReadAction\",\"target\":[\"https:\/\/www.premiumfruit.it\/succo-melagrana\/\"]}]},{\"@type\":\"ImageObject\",\"inLanguage\":\"it-IT\",\"@id\":\"https:\/\/www.premiumfruit.it\/succo-melagrana\/#primaryimage\",\"url\":\"https:\/\/www.premiumfruit.it\/wp-content\/uploads\/2025\/02\/succo-melagrana-premium-fruit.png\",\"contentUrl\":\"https:\/\/www.premiumfruit.it\/wp-content\/uploads\/2025\/02\/succo-melagrana-premium-fruit.png\"},{\"@type\":\"BreadcrumbList\",\"@id\":\"https:\/\/www.premiumfruit.it\/succo-melagrana\/#breadcrumb\",\"itemListElement\":[{\"@type\":\"ListItem\",\"position\":1,\"name\":\"Home\",\"item\":\"https:\/\/www.premiumfruit.it\/\"},{\"@type\":\"ListItem\",\"position\":2,\"name\":\"Succo Melagrana\"}]},{\"@type\":\"WebSite\",\"@id\":\"https:\/\/www.premiumfruit.it\/it\/#website\",\"url\":\"https:\/\/www.premiumfruit.it\/it\/\",\"name\":\"Premium Fruit\",\"description\":\"\",\"potentialAction\":[{\"@type\":\"SearchAction\",\"target\":{\"@type\":\"EntryPoint\",\"urlTemplate\":\"https:\/\/www.premiumfruit.it\/it\/?s={search_term_string}\"},\"query-input\":{\"@type\":\"PropertyValueSpecification\",\"valueRequired\":true,\"valueName\":\"search_term_string\"}}],\"inLanguage\":\"it-IT\"}]}<\/script>\n<!-- \/ Yoast SEO plugin. -->","yoast_head_json":{"title":"Succo Melagrana 100% succo non da concentrato","description":"Succo Melagrana 100%: pregiato succo non da concentrato. \u00c8 piacevolmente dolce, perch\u00e9 ottenuto dalla spremitura di una particolare variet\u00e0 di melograno","robots":{"index":"index","follow":"follow","max-snippet":"max-snippet:-1","max-image-preview":"max-image-preview:large","max-video-preview":"max-video-preview:-1"},"canonical":"https:\/\/www.premiumfruit.it\/succo-melagrana\/","og_locale":"it_IT","og_type":"article","og_title":"Succo Melagrana 100% succo non da concentrato","og_description":"Succo Melagrana 100%: pregiato succo non da concentrato. \u00c8 piacevolmente dolce, perch\u00e9 ottenuto dalla spremitura di una particolare variet\u00e0 di melograno","og_url":"https:\/\/www.premiumfruit.it\/succo-melagrana\/","og_site_name":"Premium Fruit","article_publisher":"https:\/\/www.facebook.com\/premiumfruit","article_modified_time":"2025-02-28T11:12:40+00:00","og_image":[{"width":600,"height":416,"url":"https:\/\/www.premiumfruit.it\/wp-content\/uploads\/2014\/10\/succomelagrana.png","type":"image\/png"}],"twitter_misc":{"Tempo di lettura stimato":"2 minuti"},"schema":{"@context":"https:\/\/schema.org","@graph":[{"@type":"WebPage","@id":"https:\/\/www.premiumfruit.it\/succo-melagrana\/","url":"https:\/\/www.premiumfruit.it\/succo-melagrana\/","name":"Succo Melagrana 100% succo non da concentrato","isPartOf":{"@id":"https:\/\/www.premiumfruit.it\/it\/#website"},"primaryImageOfPage":{"@id":"https:\/\/www.premiumfruit.it\/succo-melagrana\/#primaryimage"},"image":{"@id":"https:\/\/www.premiumfruit.it\/succo-melagrana\/#primaryimage"},"thumbnailUrl":"https:\/\/www.premiumfruit.it\/wp-content\/uploads\/2025\/02\/succo-melagrana-premium-fruit.png","datePublished":"2014-10-25T06:46:20+00:00","dateModified":"2025-02-28T11:12:40+00:00","description":"Succo Melagrana 100%: pregiato succo non da concentrato. \u00c8 piacevolmente dolce, perch\u00e9 ottenuto dalla spremitura di una particolare variet\u00e0 di melograno","breadcrumb":{"@id":"https:\/\/www.premiumfruit.it\/succo-melagrana\/#breadcrumb"},"inLanguage":"it-IT","potentialAction":[{"@type":"ReadAction","target":["https:\/\/www.premiumfruit.it\/succo-melagrana\/"]}]},{"@type":"ImageObject","inLanguage":"it-IT","@id":"https:\/\/www.premiumfruit.it\/succo-melagrana\/#primaryimage","url":"https:\/\/www.premiumfruit.it\/wp-content\/uploads\/2025\/02\/succo-melagrana-premium-fruit.png","contentUrl":"https:\/\/www.premiumfruit.it\/wp-content\/uploads\/2025\/02\/succo-melagrana-premium-fruit.png"},{"@type":"BreadcrumbList","@id":"https:\/\/www.premiumfruit.it\/succo-melagrana\/#breadcrumb","itemListElement":[{"@type":"ListItem","position":1,"name":"Home","item":"https:\/\/www.premiumfruit.it\/"},{"@type":"ListItem","position":2,"name":"Succo Melagrana"}]},{"@type":"WebSite","@id":"https:\/\/www.premiumfruit.it\/it\/#website","url":"https:\/\/www.premiumfruit.it\/it\/","name":"Premium Fruit","description":"","potentialAction":[{"@type":"SearchAction","target":{"@type":"EntryPoint","urlTemplate":"https:\/\/www.premiumfruit.it\/it\/?s={search_term_string}"},"query-input":{"@type":"PropertyValueSpecification","valueRequired":true,"valueName":"search_term_string"}}],"inLanguage":"it-IT"}]}},"_links":{"self":[{"href":"https:\/\/www.premiumfruit.it\/it\/wp-json\/wp\/v2\/pages\/362","targetHints":{"allow":["GET"]}}],"collection":[{"href":"https:\/\/www.premiumfruit.it\/it\/wp-json\/wp\/v2\/pages"}],"about":[{"href":"https:\/\/www.premiumfruit.it\/it\/wp-json\/wp\/v2\/types\/page"}],"author":[{"embeddable":true,"href":"https:\/\/www.premiumfruit.it\/it\/wp-json\/wp\/v2\/users\/1"}],"replies":[{"embeddable":true,"href":"https:\/\/www.premiumfruit.it\/it\/wp-json\/wp\/v2\/comments?post=362"}],"version-history":[{"count":12,"href":"https:\/\/www.premiumfruit.it\/it\/wp-json\/wp\/v2\/pages\/362\/revisions"}],"predecessor-version":[{"id":2160,"href":"https:\/\/www.premiumfruit.it\/it\/wp-json\/wp\/v2\/pages\/362\/revisions\/2160"}],"wp:attachment":[{"href":"https:\/\/www.premiumfruit.it\/it\/wp-json\/wp\/v2\/media?parent=362"}],"curies":[{"name":"wp","href":"https:\/\/api.w.org\/{rel}","templated":true}]}}