{"id":308,"date":"2014-10-24T12:19:44","date_gmt":"2014-10-24T10:19:44","guid":{"rendered":"http:\/\/www.premiumfruit.it\/?page_id=308"},"modified":"2022-01-28T09:48:17","modified_gmt":"2022-01-28T08:48:17","slug":"privacy-aziendale","status":"publish","type":"page","link":"https:\/\/www.premiumfruit.it\/it\/privacy-aziendale\/","title":{"rendered":"Privacy aziendale"},"content":{"rendered":"<h1>INFORMATIVA PER IL TRATTAMENTO DEI DATI PERSONALI<\/h1>\n<p>\u201cPremium Fruit srl, con sede in via Pasubio, 2, 20067 Paullo (MI), CF e P.Iva 12203610964\u201d (in seguito, \u201cTitolare\u201d), in qualit\u00e0 di titolare del trattamento, Ti informa ai sensi dell\u2019art. 13 D.Lgs. 30.6.2003 n. 196 (in seguito, \u201cCodice Privacy\u201d) e dell\u2019art. 13 Regolamento UE n. 2016\/679 (in seguito, \u201cGDPR\u201d) che i Tuoi dati saranno trattati con le modalit\u00e0 e per le finalit\u00e0 seguenti:<\/p>\n<p><strong>Oggetto del trattamento<\/strong><br \/>\nIl Titolare tratta i dati personali, identificativi e non sensibili (in particolare, nome, cognome, codice fiscale, p. iva, email, numero telefonico \u2013 in seguito, \u201cdati personali\u201d o anche \u201cdati\u201d) da Te comunicati in fase di contatto via email o tramite il sito web del Titolare e\/o per procedere a un acquisto.<\/p>\n<p><strong>Finalit\u00e0 del trattamento<\/strong><br \/>\nI Tuoi dati personali sono trattati senza il Tuo consenso espresso (art. 24 lett. a, b, c Codice Privacy e art. 6 lett. b, e GDPR), per le seguenti Finalit\u00e0 di Servizio:<br \/>\n&#8211; rispondere alle tue richieste di informazioni;<br \/>\n&#8211; adempiere agli obblighi precontrattuali, contrattuali e fiscali derivanti da rapporti con Te in essere;<br \/>\n&#8211; adempiere agli obblighi previsti dalla legge, da un regolamento, dalla normativa comunitaria o da un ordine dell\u2019Autorit\u00e0;<br \/>\n&#8211; prevenire o scoprire attivit\u00e0 fraudolente o abusi dannosi per il sito web;<br \/>\n&#8211; esercitare i diritti del Titolare, ad esempio il diritto di difesa in giudizio.<br \/>\nTi segnaliamo che se sei gi\u00e0 nostro cliente, potremo inviarTi comunicazioni commerciali relative a servizi e prodotti del Titolare analoghi a quelli di cui hai gi\u00e0 usufruito, salvo tuo dissenso (art. 130 c. 4 Codice Privacy).<\/p>\n<p><strong>Modalit\u00e0 del trattamento<\/strong><br \/>\nIl trattamento dei Tuoi dati personali \u00e8 realizzato per mezzo delle operazioni indicate all\u2019art. 4 Codice Privacy e all\u2019art. 4 n. 2) GDPR e precisamente: raccolta, registrazione, organizzazione, conservazione, consultazione, elaborazione, modificazione, selezione, estrazione, raffronto, utilizzo, interconnessione, blocco,<br \/>\ncomunicazione, cancellazione e distruzione dei dati. I Tuoi dati personali sono sottoposti a trattamento sia cartaceo che elettronico.<br \/>\nIl Titolare tratter\u00e0 i dati personali per il tempo necessario per adempiere alle finalit\u00e0 di cui sopra e li conserver\u00e0<br \/>\nper un tempo indeterminato, se non dietro esplicita richiesta da parte dell&#8217;interessato di esercitare il suo diritto<br \/>\nalla cancellazione come da art. 17, paragrafo 1. lettere b e c.<\/p>\n<p><strong>Accesso ai dati<\/strong><br \/>\nI Tuoi dati potranno essere resi accessibili per le finalit\u00e0 di cui all\u2019art. 2.A) e 2.B):<br \/>\n&#8211; a dipendenti e collaboratori del Titolare, nella loro qualit\u00e0 di incaricati e\/o responsabili interni del trattamento e\/o amministratori di sistema;<br \/>\n&#8211; a terzi soggetti (ad esempio, provider per la gestione e manutenzione del sito web, fornitori, istituti di credito,<br \/>\nstudi professionali, etc) che svolgono attivit\u00e0 in outsourcing per conto del Titolare, nella loro qualit\u00e0 di responsabili esterni del trattamento.<\/p>\n<p><strong>Comunicazione dei dati<\/strong><br \/>\nSenza Tuo espresso consenso (ex art. 24 lett. a), b), d) Codice Privacy e art. 6 lett. b) e c) GDPR), il Titolare potr\u00e0 comunicare i Tuoi dati per le finalit\u00e0 di cui all\u2019art. 2.A) a Organismi di vigilanza, Autorit\u00e0 giudiziarie nonch\u00e9 a tutti gli altri soggetti ai quali la comunicazione sia obbligatoria per legge per l\u2019espletamento delle finalit\u00e0 dette.<br \/>\nI Tuoi dati non saranno diffusi.<\/p>\n<p><strong>Trasferimento dati<\/strong><br \/>\nLa gestione e la conservazione dei dati personali avverr\u00e0 su server ubicati all\u2019interno dell\u2019Unione Europea del<br \/>\nTitolare e\/o di societ\u00e0 terze incaricate e debitamente nominate quali Responsabili del trattamento. Attualmente i server sono situati in Italia. I dati non saranno oggetto di trasferimento al di fuori dell\u2019Unione Europea. Resta in ogni caso inteso che il Titolare, ove si rendesse necessario, avr\u00e0 facolt\u00e0 di spostare l\u2019ubicazione dei server in Italia e\/o Unione Europea e\/o Paesi extra-UE. In tal caso, il Titolare assicura sin d\u2019ora che il trasferimento dei dati extra-UE avverr\u00e0 in conformit\u00e0 alle disposizioni di legge applicabili stipulando, se necessario, accordi che garantiscano un livello di protezione adeguato e\/o adottando le clausole contrattuali standard previste dalla Commissione Europea.<\/p>\n<p><strong>Natura del conferimento dei dati e conseguenze del rifiuto di rispondere<\/strong><br \/>\nIl conferimento dei dati per le finalit\u00e0 di cui all\u2019art. 2 \u00e8 obbligatorio. In loro assenza, non potremo garantirti i<br \/>\nServizi dell\u2019art. 2.<\/p>\n<p><strong>Diritti dell\u2019interessato<\/strong><br \/>\nNella Tua qualit\u00e0 di interessato, hai i diritti di cui all\u2019art. 7 Codice Privacy e art. 15 GDPR e precisamente i diritti di:<br \/>\ni. ottenere la conferma dell&#8217;esistenza o meno di dati personali che Ti riguardano, anche se non ancora registrati, e la loro comunicazione in forma intelligibile;<br \/>\nii. ottenere l&#8217;indicazione: a) dell&#8217;origine dei dati personali; b) delle finalit\u00e0 e modalit\u00e0 del trattamento; c) della logica applicata in caso di trattamento effettuato con l&#8217;ausilio di strumenti elettronici; d) degli estremi identificativi del titolare, dei responsabili e del rappresentante designato ai sensi dell&#8217;art. 5, comma 2 Codice Privacy e art. 3, comma 1, GDPR; e) dei soggetti o delle categorie di soggetti ai quali i dati personali possono essere comunicati o che possono venirne a conoscenza in qualit\u00e0 di rappresentante designato nel territorio dello Stato, di responsabili o incaricati;<br \/>\niii. ottenere: a) l&#8217;aggiornamento, la rettificazione ovvero, quando vi ha interesse, l&#8217;integrazione dei dati; b) la<br \/>\ncancellazione, la trasformazione in forma anonima o il blocco dei dati trattati in violazione di legge, compresi quelli di cui non \u00e8 necessaria la conservazione in relazione agli scopi per i quali i dati sono stati raccolti o successivamente trattati; c) l&#8217;attestazione che le operazioni di cui alle lettere a) e b) sono state portate a conoscenza, anche per quanto riguarda il loro contenuto, di coloro ai quali i dati sono stati comunicati o diffusi, eccettuato il caso in cui tale adempimento si rivela impossibile o comporta un impiego di mezzi manifestamente sproporzionato rispetto al diritto tutelato;<br \/>\niv. opporsi, in tutto o in parte: a) per motivi legittimi al trattamento dei dati personali che Ti riguardano, ancorch\u00e9 pertinenti allo scopo della raccolta; b) al trattamento di dati personali che Ti riguardano a fini di invio di materiale pubblicitario o di vendita diretta o per il compimento di ricerche di mercato o di comunicazione commerciale, mediante l\u2019uso di sistemi automatizzati di chiamata senza l\u2019intervento di un operatore mediante email e\/o mediante modalit\u00e0 di marketing tradizionali mediante telefono e\/o posta cartacea. Si fa presente che il diritto di opposizione dell\u2019interessato, esposto al precedente punto b), per finalit\u00e0 di marketing diretto mediante modalit\u00e0 automatizzate si estende a quelle tradizionali e che comunque resta salva la possibilit\u00e0 per l\u2019interessato di esercitare il diritto di opposizione anche solo in parte. Pertanto, l\u2019interessato pu\u00f2 decidere di ricevere solo comunicazioni mediante modalit\u00e0 tradizionali ovvero solo comunicazioni automatizzate oppure nessuna delle due tipologie di comunicazione.<br \/>\nOve applicabili, ha altres\u00ec i diritti di cui agli artt. 16-21 GDPR (Diritto di rettifica, diritto all\u2019oblio, diritto di limitazione di trattamento, diritto alla portabilit\u00e0 dei dati, diritto di opposizione), nonch\u00e9 il diritto di reclamo all\u2019Autorit\u00e0 Garante.<\/p>\n<p><strong>Modalit\u00e0 di esercizio dei diritti<\/strong><br \/>\nPotrai in qualsiasi momento esercitare i diritti inviando:<br \/>\n&#8211; una raccomandata a.r. a Premium Fruit srl \u2013 via Pasubio, 2 \u2013 20067 Paullo (MI);<br \/>\n&#8211; una e-mail all\u2019indirizzo info@premiumfruit.it<\/p>\n<p><strong>Minori<\/strong><br \/>\nQuesto Sito e i Servizi del Titolare non sono destinati a minori di 18 anni e il Titolare non raccoglie intenzionalmente informazioni personali riferite ai minori. Nel caso in cui informazioni su minori fossero involontariamente registrate, il Titolare le canceller\u00e0 in modo tempestivo, su richiesta degli utenti.<\/p>\n<p><strong>Titolare, responsabile e incaricati<\/strong><br \/>\nIl Titolare del trattamento \u00e8 Premium Fruit srl.<br \/>\nL\u2019elenco aggiornato dei responsabili e degli incaricati al trattamento \u00e8 custodito presso la sede del Titolare del<br \/>\ntrattamento.<\/p>\n","protected":false},"excerpt":{"rendered":"<p>INFORMATIVA PER IL TRATTAMENTO DEI DATI PERSONALI \u201cPremium Fruit srl, con sede in via Pasubio, 2, 20067 Paullo (MI), CF e P.Iva 12203610964\u201d (in seguito, \u201cTitolare\u201d), in qualit\u00e0 di titolare del trattamento, Ti informa ai sensi dell\u2019art. 13 D.Lgs. 30.6.2003 n. 196 (in seguito, \u201cCodice Privacy\u201d) e dell\u2019art. 13 Regolamento UE n. 2016\/679 (in seguito, [&hellip;]<\/p>\n","protected":false},"author":1,"featured_media":0,"parent":0,"menu_order":0,"comment_status":"closed","ping_status":"closed","template":"template-full-width.php","meta":{"footnotes":""},"class_list":["post-308","page","type-page","status-publish","hentry"],"yoast_head":"<!-- This site is optimized with the Yoast SEO plugin v24.5 - https:\/\/yoast.com\/wordpress\/plugins\/seo\/ -->\n<title>Privacy aziendale &#8226; Premium Fruit<\/title>\n<meta name=\"robots\" content=\"noindex, nofollow\" \/>\n<meta property=\"og:locale\" content=\"it_IT\" \/>\n<meta property=\"og:type\" content=\"article\" \/>\n<meta property=\"og:title\" content=\"Privacy aziendale &#8226; Premium Fruit\" \/>\n<meta property=\"og:description\" content=\"INFORMATIVA PER IL TRATTAMENTO DEI DATI PERSONALI \u201cPremium Fruit srl, con sede in via Pasubio, 2, 20067 Paullo (MI), CF e P.Iva 12203610964\u201d (in seguito, \u201cTitolare\u201d), in qualit\u00e0 di titolare del trattamento, Ti informa ai sensi dell\u2019art. 13 D.Lgs. 30.6.2003 n. 196 (in seguito, \u201cCodice Privacy\u201d) e dell\u2019art. 13 Regolamento UE n. 2016\/679 (in seguito, [&hellip;]\" \/>\n<meta property=\"og:url\" content=\"https:\/\/www.premiumfruit.it\/privacy-aziendale\/\" \/>\n<meta property=\"og:site_name\" content=\"Premium Fruit\" \/>\n<meta property=\"article:publisher\" content=\"https:\/\/www.facebook.com\/premiumfruit\" \/>\n<meta property=\"article:modified_time\" content=\"2022-01-28T08:48:17+00:00\" \/>\n<meta name=\"twitter:label1\" content=\"Tempo di lettura stimato\" \/>\n\t<meta name=\"twitter:data1\" content=\"6 minuti\" \/>\n<script type=\"application\/ld+json\" class=\"yoast-schema-graph\">{\"@context\":\"https:\/\/schema.org\",\"@graph\":[{\"@type\":\"WebPage\",\"@id\":\"https:\/\/www.premiumfruit.it\/privacy-aziendale\/\",\"url\":\"https:\/\/www.premiumfruit.it\/privacy-aziendale\/\",\"name\":\"Privacy aziendale &#8226; Premium Fruit\",\"isPartOf\":{\"@id\":\"https:\/\/www.premiumfruit.it\/it\/#website\"},\"datePublished\":\"2014-10-24T10:19:44+00:00\",\"dateModified\":\"2022-01-28T08:48:17+00:00\",\"breadcrumb\":{\"@id\":\"https:\/\/www.premiumfruit.it\/privacy-aziendale\/#breadcrumb\"},\"inLanguage\":\"it-IT\",\"potentialAction\":[{\"@type\":\"ReadAction\",\"target\":[\"https:\/\/www.premiumfruit.it\/privacy-aziendale\/\"]}]},{\"@type\":\"BreadcrumbList\",\"@id\":\"https:\/\/www.premiumfruit.it\/privacy-aziendale\/#breadcrumb\",\"itemListElement\":[{\"@type\":\"ListItem\",\"position\":1,\"name\":\"Home\",\"item\":\"https:\/\/www.premiumfruit.it\/en\/\"},{\"@type\":\"ListItem\",\"position\":2,\"name\":\"Privacy aziendale\"}]},{\"@type\":\"WebSite\",\"@id\":\"https:\/\/www.premiumfruit.it\/it\/#website\",\"url\":\"https:\/\/www.premiumfruit.it\/it\/\",\"name\":\"Premium Fruit\",\"description\":\"\",\"potentialAction\":[{\"@type\":\"SearchAction\",\"target\":{\"@type\":\"EntryPoint\",\"urlTemplate\":\"https:\/\/www.premiumfruit.it\/it\/?s={search_term_string}\"},\"query-input\":{\"@type\":\"PropertyValueSpecification\",\"valueRequired\":true,\"valueName\":\"search_term_string\"}}],\"inLanguage\":\"it-IT\"}]}<\/script>\n<!-- \/ Yoast SEO plugin. -->","yoast_head_json":{"title":"Privacy aziendale &#8226; Premium Fruit","robots":{"index":"noindex","follow":"nofollow"},"og_locale":"it_IT","og_type":"article","og_title":"Privacy aziendale &#8226; Premium Fruit","og_description":"INFORMATIVA PER IL TRATTAMENTO DEI DATI PERSONALI \u201cPremium Fruit srl, con sede in via Pasubio, 2, 20067 Paullo (MI), CF e P.Iva 12203610964\u201d (in seguito, \u201cTitolare\u201d), in qualit\u00e0 di titolare del trattamento, Ti informa ai sensi dell\u2019art. 13 D.Lgs. 30.6.2003 n. 196 (in seguito, \u201cCodice Privacy\u201d) e dell\u2019art. 13 Regolamento UE n. 2016\/679 (in seguito, [&hellip;]","og_url":"https:\/\/www.premiumfruit.it\/privacy-aziendale\/","og_site_name":"Premium Fruit","article_publisher":"https:\/\/www.facebook.com\/premiumfruit","article_modified_time":"2022-01-28T08:48:17+00:00","twitter_misc":{"Tempo di lettura stimato":"6 minuti"},"schema":{"@context":"https:\/\/schema.org","@graph":[{"@type":"WebPage","@id":"https:\/\/www.premiumfruit.it\/privacy-aziendale\/","url":"https:\/\/www.premiumfruit.it\/privacy-aziendale\/","name":"Privacy aziendale &#8226; Premium Fruit","isPartOf":{"@id":"https:\/\/www.premiumfruit.it\/it\/#website"},"datePublished":"2014-10-24T10:19:44+00:00","dateModified":"2022-01-28T08:48:17+00:00","breadcrumb":{"@id":"https:\/\/www.premiumfruit.it\/privacy-aziendale\/#breadcrumb"},"inLanguage":"it-IT","potentialAction":[{"@type":"ReadAction","target":["https:\/\/www.premiumfruit.it\/privacy-aziendale\/"]}]},{"@type":"BreadcrumbList","@id":"https:\/\/www.premiumfruit.it\/privacy-aziendale\/#breadcrumb","itemListElement":[{"@type":"ListItem","position":1,"name":"Home","item":"https:\/\/www.premiumfruit.it\/en\/"},{"@type":"ListItem","position":2,"name":"Privacy aziendale"}]},{"@type":"WebSite","@id":"https:\/\/www.premiumfruit.it\/it\/#website","url":"https:\/\/www.premiumfruit.it\/it\/","name":"Premium Fruit","description":"","potentialAction":[{"@type":"SearchAction","target":{"@type":"EntryPoint","urlTemplate":"https:\/\/www.premiumfruit.it\/it\/?s={search_term_string}"},"query-input":{"@type":"PropertyValueSpecification","valueRequired":true,"valueName":"search_term_string"}}],"inLanguage":"it-IT"}]}},"_links":{"self":[{"href":"https:\/\/www.premiumfruit.it\/it\/wp-json\/wp\/v2\/pages\/308","targetHints":{"allow":["GET"]}}],"collection":[{"href":"https:\/\/www.premiumfruit.it\/it\/wp-json\/wp\/v2\/pages"}],"about":[{"href":"https:\/\/www.premiumfruit.it\/it\/wp-json\/wp\/v2\/types\/page"}],"author":[{"embeddable":true,"href":"https:\/\/www.premiumfruit.it\/it\/wp-json\/wp\/v2\/users\/1"}],"replies":[{"embeddable":true,"href":"https:\/\/www.premiumfruit.it\/it\/wp-json\/wp\/v2\/comments?post=308"}],"version-history":[{"count":13,"href":"https:\/\/www.premiumfruit.it\/it\/wp-json\/wp\/v2\/pages\/308\/revisions"}],"predecessor-version":[{"id":2033,"href":"https:\/\/www.premiumfruit.it\/it\/wp-json\/wp\/v2\/pages\/308\/revisions\/2033"}],"wp:attachment":[{"href":"https:\/\/www.premiumfruit.it\/it\/wp-json\/wp\/v2\/media?parent=308"}],"curies":[{"name":"wp","href":"https:\/\/api.w.org\/{rel}","templated":true}]}}