{"id":1990,"date":"2022-01-26T12:08:54","date_gmt":"2022-01-26T11:08:54","guid":{"rendered":"https:\/\/www.premiumfruit.it\/?page_id=1990"},"modified":"2025-02-28T13:02:00","modified_gmt":"2025-02-28T12:02:00","slug":"succo-100-bergamotto","status":"publish","type":"page","link":"https:\/\/www.premiumfruit.it\/it\/succo-100-bergamotto\/","title":{"rendered":"Succo 100% bergamotto"},"content":{"rendered":"<h2>Succo 100% bergamotto<\/h2>\n<p><center><img loading=\"lazy\" decoding=\"async\" class=\"aligncenter wp-image-2008 size-full\" title=\"succo di bergamotto puro\" src=\"https:\/\/www.premiumfruit.it\/wp-content\/uploads\/2025\/02\/succo-bergamotto-Premium-fruit.png\" alt=\"succo di bergamotto puro\" width=\"600\" height=\"450\" \/><\/center><\/p>\n<p><strong>Succo Bergamotto<\/strong>: il <strong>bergamotto della Calabria<\/strong> \u00e8 un agrume antico e prezioso, riscoperto per le sue propriet\u00e0 benefiche dovute al contenuto di particolari polifenoli antiossidanti, le cui interessanti propriet\u00e0 sono state dimostrate da studi scientifici condotti in Italia. Tali interessanti risultati sono divulgati di frequente in tv e alla radio, e si possono reperire facilmente in internet.<\/p>\n<p>Questa versione pura \u00e8 adatta a chi vuole degustarlo in purezza per apprezzarne totalmente gli aromi unici. Vista la sua acidit\u00e0 si consiglia di assumerne quantit\u00e0 moderate, e inoltre sarebbe indicato berlo con cannuccia, per evitare il contatto di un succo cos\u00ec acido con lo smalto dei denti. Logicamente si pu\u00f2 anche miscelare a piacimento con altri succhi di frutta o con acqua, per creare infinite e gustose combinazioni!<\/p>\n<p><span style=\"text-decoration: underline;\">Ingredienti<\/span>: 100% succo di bergamotto (non da succo concentrato)<\/p>\n<p><a class=\"button medium green-background\" href=\"https:\/\/premiumfruit.shop\/it\/succhi-di-frutta-naturali\/12-bergamotto-puro.html\" target=\"_blank\"><i class=\"general foundicon-cart\"><\/i>ACQUISTA ONLINE<\/a><\/p>\n<p><a href=\"https:\/\/www.premiumfruit.it\/wp-content\/uploads\/2025\/02\/bergamotto200.jpg\"><img loading=\"lazy\" decoding=\"async\" class=\"alignleft wp-image-121 size-medium\" src=\"https:\/\/www.premiumfruit.it\/wp-content\/uploads\/2025\/02\/bergamotto200.jpg\" alt=\"bergamotto puro\" width=\"300\" height=\"225\" \/><\/a><\/p>\n\n\n<p><\/p>\n","protected":false},"excerpt":{"rendered":"<p>Succo 100% bergamotto Succo Bergamotto: il bergamotto della Calabria \u00e8 un agrume antico e prezioso, riscoperto per le sue propriet\u00e0 benefiche dovute al contenuto di particolari polifenoli antiossidanti, le cui interessanti propriet\u00e0 sono state dimostrate da studi scientifici condotti in Italia. Tali interessanti risultati sono divulgati di frequente in tv e alla radio, e si [&hellip;]<\/p>\n","protected":false},"author":1,"featured_media":0,"parent":0,"menu_order":0,"comment_status":"closed","ping_status":"closed","template":"","meta":{"footnotes":""},"class_list":["post-1990","page","type-page","status-publish","hentry"],"yoast_head":"<!-- This site is optimized with the Yoast SEO plugin v24.5 - https:\/\/yoast.com\/wordpress\/plugins\/seo\/ -->\n<title>Succo 100% bergamotto &#8226; Premium Fruit<\/title>\n<meta name=\"description\" content=\"Il bergamotto della Calabria \u00e8 un agrume prezioso, riscoperto per le sue propriet\u00e0 benefiche dovute al contenuto di particolari polifenoli antiossidanti\" \/>\n<meta name=\"robots\" content=\"index, follow, max-snippet:-1, max-image-preview:large, max-video-preview:-1\" \/>\n<link rel=\"canonical\" href=\"https:\/\/www.premiumfruit.it\/succo-100-bergamotto\/\" \/>\n<meta property=\"og:locale\" content=\"it_IT\" \/>\n<meta property=\"og:type\" content=\"article\" \/>\n<meta property=\"og:title\" content=\"Succo 100% bergamotto &#8226; Premium Fruit\" \/>\n<meta property=\"og:description\" content=\"Il bergamotto della Calabria \u00e8 un agrume prezioso, riscoperto per le sue propriet\u00e0 benefiche dovute al contenuto di particolari polifenoli antiossidanti\" \/>\n<meta property=\"og:url\" content=\"https:\/\/www.premiumfruit.it\/succo-100-bergamotto\/\" \/>\n<meta property=\"og:site_name\" content=\"Premium Fruit\" \/>\n<meta property=\"article:publisher\" content=\"https:\/\/www.facebook.com\/premiumfruit\" \/>\n<meta property=\"article:modified_time\" content=\"2025-02-28T12:02:00+00:00\" \/>\n<meta property=\"og:image\" content=\"https:\/\/www.premiumfruit.it\/wp-content\/uploads\/2022\/01\/bergamotto-puro.jpg\" \/>\n\t<meta property=\"og:image:width\" content=\"600\" \/>\n\t<meta property=\"og:image:height\" content=\"450\" \/>\n\t<meta property=\"og:image:type\" content=\"image\/jpeg\" \/>\n<meta name=\"twitter:label1\" content=\"Tempo di lettura stimato\" \/>\n\t<meta name=\"twitter:data1\" content=\"2 minuti\" \/>\n<script type=\"application\/ld+json\" class=\"yoast-schema-graph\">{\"@context\":\"https:\/\/schema.org\",\"@graph\":[{\"@type\":\"WebPage\",\"@id\":\"https:\/\/www.premiumfruit.it\/succo-100-bergamotto\/\",\"url\":\"https:\/\/www.premiumfruit.it\/succo-100-bergamotto\/\",\"name\":\"Succo 100% bergamotto &#8226; Premium Fruit\",\"isPartOf\":{\"@id\":\"https:\/\/www.premiumfruit.it\/it\/#website\"},\"primaryImageOfPage\":{\"@id\":\"https:\/\/www.premiumfruit.it\/succo-100-bergamotto\/#primaryimage\"},\"image\":{\"@id\":\"https:\/\/www.premiumfruit.it\/succo-100-bergamotto\/#primaryimage\"},\"thumbnailUrl\":\"https:\/\/www.premiumfruit.it\/wp-content\/uploads\/2025\/02\/succo-bergamotto-Premium-fruit.png\",\"datePublished\":\"2022-01-26T11:08:54+00:00\",\"dateModified\":\"2025-02-28T12:02:00+00:00\",\"description\":\"Il bergamotto della Calabria \u00e8 un agrume prezioso, riscoperto per le sue propriet\u00e0 benefiche dovute al contenuto di particolari polifenoli antiossidanti\",\"breadcrumb\":{\"@id\":\"https:\/\/www.premiumfruit.it\/succo-100-bergamotto\/#breadcrumb\"},\"inLanguage\":\"it-IT\",\"potentialAction\":[{\"@type\":\"ReadAction\",\"target\":[\"https:\/\/www.premiumfruit.it\/succo-100-bergamotto\/\"]}]},{\"@type\":\"ImageObject\",\"inLanguage\":\"it-IT\",\"@id\":\"https:\/\/www.premiumfruit.it\/succo-100-bergamotto\/#primaryimage\",\"url\":\"https:\/\/www.premiumfruit.it\/wp-content\/uploads\/2025\/02\/succo-bergamotto-Premium-fruit.png\",\"contentUrl\":\"https:\/\/www.premiumfruit.it\/wp-content\/uploads\/2025\/02\/succo-bergamotto-Premium-fruit.png\"},{\"@type\":\"BreadcrumbList\",\"@id\":\"https:\/\/www.premiumfruit.it\/succo-100-bergamotto\/#breadcrumb\",\"itemListElement\":[{\"@type\":\"ListItem\",\"position\":1,\"name\":\"Home\",\"item\":\"https:\/\/www.premiumfruit.it\/\"},{\"@type\":\"ListItem\",\"position\":2,\"name\":\"Succo 100% bergamotto\"}]},{\"@type\":\"WebSite\",\"@id\":\"https:\/\/www.premiumfruit.it\/it\/#website\",\"url\":\"https:\/\/www.premiumfruit.it\/it\/\",\"name\":\"Premium Fruit\",\"description\":\"\",\"potentialAction\":[{\"@type\":\"SearchAction\",\"target\":{\"@type\":\"EntryPoint\",\"urlTemplate\":\"https:\/\/www.premiumfruit.it\/it\/?s={search_term_string}\"},\"query-input\":{\"@type\":\"PropertyValueSpecification\",\"valueRequired\":true,\"valueName\":\"search_term_string\"}}],\"inLanguage\":\"it-IT\"}]}<\/script>\n<!-- \/ Yoast SEO plugin. -->","yoast_head_json":{"title":"Succo 100% bergamotto &#8226; Premium Fruit","description":"Il bergamotto della Calabria \u00e8 un agrume prezioso, riscoperto per le sue propriet\u00e0 benefiche dovute al contenuto di particolari polifenoli antiossidanti","robots":{"index":"index","follow":"follow","max-snippet":"max-snippet:-1","max-image-preview":"max-image-preview:large","max-video-preview":"max-video-preview:-1"},"canonical":"https:\/\/www.premiumfruit.it\/succo-100-bergamotto\/","og_locale":"it_IT","og_type":"article","og_title":"Succo 100% bergamotto &#8226; Premium Fruit","og_description":"Il bergamotto della Calabria \u00e8 un agrume prezioso, riscoperto per le sue propriet\u00e0 benefiche dovute al contenuto di particolari polifenoli antiossidanti","og_url":"https:\/\/www.premiumfruit.it\/succo-100-bergamotto\/","og_site_name":"Premium Fruit","article_publisher":"https:\/\/www.facebook.com\/premiumfruit","article_modified_time":"2025-02-28T12:02:00+00:00","og_image":[{"width":600,"height":450,"url":"https:\/\/www.premiumfruit.it\/wp-content\/uploads\/2022\/01\/bergamotto-puro.jpg","type":"image\/jpeg"}],"twitter_misc":{"Tempo di lettura stimato":"2 minuti"},"schema":{"@context":"https:\/\/schema.org","@graph":[{"@type":"WebPage","@id":"https:\/\/www.premiumfruit.it\/succo-100-bergamotto\/","url":"https:\/\/www.premiumfruit.it\/succo-100-bergamotto\/","name":"Succo 100% bergamotto &#8226; Premium Fruit","isPartOf":{"@id":"https:\/\/www.premiumfruit.it\/it\/#website"},"primaryImageOfPage":{"@id":"https:\/\/www.premiumfruit.it\/succo-100-bergamotto\/#primaryimage"},"image":{"@id":"https:\/\/www.premiumfruit.it\/succo-100-bergamotto\/#primaryimage"},"thumbnailUrl":"https:\/\/www.premiumfruit.it\/wp-content\/uploads\/2025\/02\/succo-bergamotto-Premium-fruit.png","datePublished":"2022-01-26T11:08:54+00:00","dateModified":"2025-02-28T12:02:00+00:00","description":"Il bergamotto della Calabria \u00e8 un agrume prezioso, riscoperto per le sue propriet\u00e0 benefiche dovute al contenuto di particolari polifenoli antiossidanti","breadcrumb":{"@id":"https:\/\/www.premiumfruit.it\/succo-100-bergamotto\/#breadcrumb"},"inLanguage":"it-IT","potentialAction":[{"@type":"ReadAction","target":["https:\/\/www.premiumfruit.it\/succo-100-bergamotto\/"]}]},{"@type":"ImageObject","inLanguage":"it-IT","@id":"https:\/\/www.premiumfruit.it\/succo-100-bergamotto\/#primaryimage","url":"https:\/\/www.premiumfruit.it\/wp-content\/uploads\/2025\/02\/succo-bergamotto-Premium-fruit.png","contentUrl":"https:\/\/www.premiumfruit.it\/wp-content\/uploads\/2025\/02\/succo-bergamotto-Premium-fruit.png"},{"@type":"BreadcrumbList","@id":"https:\/\/www.premiumfruit.it\/succo-100-bergamotto\/#breadcrumb","itemListElement":[{"@type":"ListItem","position":1,"name":"Home","item":"https:\/\/www.premiumfruit.it\/"},{"@type":"ListItem","position":2,"name":"Succo 100% bergamotto"}]},{"@type":"WebSite","@id":"https:\/\/www.premiumfruit.it\/it\/#website","url":"https:\/\/www.premiumfruit.it\/it\/","name":"Premium Fruit","description":"","potentialAction":[{"@type":"SearchAction","target":{"@type":"EntryPoint","urlTemplate":"https:\/\/www.premiumfruit.it\/it\/?s={search_term_string}"},"query-input":{"@type":"PropertyValueSpecification","valueRequired":true,"valueName":"search_term_string"}}],"inLanguage":"it-IT"}]}},"_links":{"self":[{"href":"https:\/\/www.premiumfruit.it\/it\/wp-json\/wp\/v2\/pages\/1990","targetHints":{"allow":["GET"]}}],"collection":[{"href":"https:\/\/www.premiumfruit.it\/it\/wp-json\/wp\/v2\/pages"}],"about":[{"href":"https:\/\/www.premiumfruit.it\/it\/wp-json\/wp\/v2\/types\/page"}],"author":[{"embeddable":true,"href":"https:\/\/www.premiumfruit.it\/it\/wp-json\/wp\/v2\/users\/1"}],"replies":[{"embeddable":true,"href":"https:\/\/www.premiumfruit.it\/it\/wp-json\/wp\/v2\/comments?post=1990"}],"version-history":[{"count":18,"href":"https:\/\/www.premiumfruit.it\/it\/wp-json\/wp\/v2\/pages\/1990\/revisions"}],"predecessor-version":[{"id":2188,"href":"https:\/\/www.premiumfruit.it\/it\/wp-json\/wp\/v2\/pages\/1990\/revisions\/2188"}],"wp:attachment":[{"href":"https:\/\/www.premiumfruit.it\/it\/wp-json\/wp\/v2\/media?parent=1990"}],"curies":[{"name":"wp","href":"https:\/\/api.w.org\/{rel}","templated":true}]}}